{"id":179570,"date":"2023-10-26T16:35:08","date_gmt":"2023-10-26T20:35:08","guid":{"rendered":"https:\/\/dev-corporate.algonquincollege.com\/certifications-et-accreditations\/"},"modified":"2025-01-27T14:15:56","modified_gmt":"2025-01-27T19:15:56","slug":"certifications-et-accreditations","status":"publish","type":"page","link":"https:\/\/dev-corporate.algonquincollege.com\/fr\/certifications-et-accreditations\/","title":{"rendered":"Certifications et accr\u00e9ditations"},"content":{"rendered":"","protected":false},"excerpt":{"rendered":"","protected":false},"author":2,"featured_media":0,"parent":0,"menu_order":0,"comment_status":"closed","ping_status":"closed","template":"template-certifications.php","meta":{"_acf_changed":false,"footnotes":""},"class_list":["post-179570","page","type-page","status-publish","hentry"],"acf":[],"yoast_head":"<!-- This site is optimized with the Yoast SEO plugin v27.4 - https:\/\/yoast.com\/product\/yoast-seo-wordpress\/ -->\n<title>Certifications et accr\u00e9ditations - Corporate Training - Algonquin College<\/title>\n<meta name=\"description\" content=\"De l\u2019analyse commerciale \u00e0 la gestion de projet et au leadership, nous offrons certaines des certifications et accr\u00e9ditations les plus demand\u00e9es.\" \/>\n<meta name=\"robots\" content=\"noindex, follow\" \/>\n<meta property=\"og:locale\" content=\"fr_FR\" \/>\n<meta property=\"og:type\" content=\"article\" \/>\n<meta property=\"og:title\" content=\"Certifications et accr\u00e9ditations - Corporate Training - Algonquin College\" \/>\n<meta property=\"og:description\" content=\"De l\u2019analyse commerciale \u00e0 la gestion de projet et au leadership, nous offrons certaines des certifications et accr\u00e9ditations les plus demand\u00e9es.\" \/>\n<meta property=\"og:url\" content=\"https:\/\/dev-corporate.algonquincollege.com\/fr\/certifications-et-accreditations\/\" \/>\n<meta property=\"og:site_name\" content=\"Corporate Training - Algonquin College\" \/>\n<meta property=\"article:modified_time\" content=\"2025-01-27T19:15:56+00:00\" \/>\n<meta name=\"twitter:card\" content=\"summary_large_image\" \/>\n<script type=\"application\/ld+json\" class=\"yoast-schema-graph\">{\"@context\":\"https:\\\/\\\/schema.org\",\"@graph\":[{\"@type\":\"WebPage\",\"@id\":\"https:\\\/\\\/dev-corporate.algonquincollege.com\\\/fr\\\/certifications-et-accreditations\\\/\",\"url\":\"https:\\\/\\\/dev-corporate.algonquincollege.com\\\/fr\\\/certifications-et-accreditations\\\/\",\"name\":\"Certifications et accr\u00e9ditations - Corporate Training - Algonquin College\",\"isPartOf\":{\"@id\":\"https:\\\/\\\/dev-corporate.algonquincollege.com\\\/#website\"},\"datePublished\":\"2023-10-26T20:35:08+00:00\",\"dateModified\":\"2025-01-27T19:15:56+00:00\",\"description\":\"De l\u2019analyse commerciale \u00e0 la gestion de projet et au leadership, nous offrons certaines des certifications et accr\u00e9ditations les plus demand\u00e9es.\",\"breadcrumb\":{\"@id\":\"https:\\\/\\\/dev-corporate.algonquincollege.com\\\/fr\\\/certifications-et-accreditations\\\/#breadcrumb\"},\"inLanguage\":\"fr-FR\",\"potentialAction\":[{\"@type\":\"ReadAction\",\"target\":[\"https:\\\/\\\/dev-corporate.algonquincollege.com\\\/fr\\\/certifications-et-accreditations\\\/\"]}]},{\"@type\":\"BreadcrumbList\",\"@id\":\"https:\\\/\\\/dev-corporate.algonquincollege.com\\\/fr\\\/certifications-et-accreditations\\\/#breadcrumb\",\"itemListElement\":[{\"@type\":\"ListItem\",\"position\":1,\"name\":\"Home\",\"item\":\"https:\\\/\\\/dev-corporate.algonquincollege.com\\\/fr\\\/accueil\\\/\"},{\"@type\":\"ListItem\",\"position\":2,\"name\":\"Certifications et accr\u00e9ditations\"}]},{\"@type\":\"WebSite\",\"@id\":\"https:\\\/\\\/dev-corporate.algonquincollege.com\\\/#website\",\"url\":\"https:\\\/\\\/dev-corporate.algonquincollege.com\\\/\",\"name\":\"Corporate Training - Algonquin College\",\"description\":\"\",\"publisher\":{\"@id\":\"https:\\\/\\\/dev-corporate.algonquincollege.com\\\/#organization\"},\"potentialAction\":[{\"@type\":\"SearchAction\",\"target\":{\"@type\":\"EntryPoint\",\"urlTemplate\":\"https:\\\/\\\/dev-corporate.algonquincollege.com\\\/?s={search_term_string}\"},\"query-input\":{\"@type\":\"PropertyValueSpecification\",\"valueRequired\":true,\"valueName\":\"search_term_string\"}}],\"inLanguage\":\"fr-FR\"},{\"@type\":\"Organization\",\"@id\":\"https:\\\/\\\/dev-corporate.algonquincollege.com\\\/#organization\",\"name\":\"Corporate Training - Algonquin College\",\"url\":\"https:\\\/\\\/dev-corporate.algonquincollege.com\\\/\",\"logo\":{\"@type\":\"ImageObject\",\"inLanguage\":\"fr-FR\",\"@id\":\"https:\\\/\\\/dev-corporate.algonquincollege.com\\\/#\\\/schema\\\/logo\\\/image\\\/\",\"url\":\"https:\\\/\\\/dev-corporate.algonquincollege.com\\\/wp-content\\\/uploads\\\/2023\\\/10\\\/cropped-acct_logo.png\",\"contentUrl\":\"https:\\\/\\\/dev-corporate.algonquincollege.com\\\/wp-content\\\/uploads\\\/2023\\\/10\\\/cropped-acct_logo.png\",\"width\":300,\"height\":44,\"caption\":\"Corporate Training - Algonquin College\"},\"image\":{\"@id\":\"https:\\\/\\\/dev-corporate.algonquincollege.com\\\/#\\\/schema\\\/logo\\\/image\\\/\"}}]}<\/script>\n<!-- \/ Yoast SEO plugin. -->","yoast_head_json":{"title":"Certifications et accr\u00e9ditations - Corporate Training - Algonquin College","description":"De l\u2019analyse commerciale \u00e0 la gestion de projet et au leadership, nous offrons certaines des certifications et accr\u00e9ditations les plus demand\u00e9es.","robots":{"index":"noindex","follow":"follow"},"og_locale":"fr_FR","og_type":"article","og_title":"Certifications et accr\u00e9ditations - Corporate Training - Algonquin College","og_description":"De l\u2019analyse commerciale \u00e0 la gestion de projet et au leadership, nous offrons certaines des certifications et accr\u00e9ditations les plus demand\u00e9es.","og_url":"https:\/\/dev-corporate.algonquincollege.com\/fr\/certifications-et-accreditations\/","og_site_name":"Corporate Training - Algonquin College","article_modified_time":"2025-01-27T19:15:56+00:00","twitter_card":"summary_large_image","schema":{"@context":"https:\/\/schema.org","@graph":[{"@type":"WebPage","@id":"https:\/\/dev-corporate.algonquincollege.com\/fr\/certifications-et-accreditations\/","url":"https:\/\/dev-corporate.algonquincollege.com\/fr\/certifications-et-accreditations\/","name":"Certifications et accr\u00e9ditations - Corporate Training - Algonquin College","isPartOf":{"@id":"https:\/\/dev-corporate.algonquincollege.com\/#website"},"datePublished":"2023-10-26T20:35:08+00:00","dateModified":"2025-01-27T19:15:56+00:00","description":"De l\u2019analyse commerciale \u00e0 la gestion de projet et au leadership, nous offrons certaines des certifications et accr\u00e9ditations les plus demand\u00e9es.","breadcrumb":{"@id":"https:\/\/dev-corporate.algonquincollege.com\/fr\/certifications-et-accreditations\/#breadcrumb"},"inLanguage":"fr-FR","potentialAction":[{"@type":"ReadAction","target":["https:\/\/dev-corporate.algonquincollege.com\/fr\/certifications-et-accreditations\/"]}]},{"@type":"BreadcrumbList","@id":"https:\/\/dev-corporate.algonquincollege.com\/fr\/certifications-et-accreditations\/#breadcrumb","itemListElement":[{"@type":"ListItem","position":1,"name":"Home","item":"https:\/\/dev-corporate.algonquincollege.com\/fr\/accueil\/"},{"@type":"ListItem","position":2,"name":"Certifications et accr\u00e9ditations"}]},{"@type":"WebSite","@id":"https:\/\/dev-corporate.algonquincollege.com\/#website","url":"https:\/\/dev-corporate.algonquincollege.com\/","name":"Corporate Training - Algonquin College","description":"","publisher":{"@id":"https:\/\/dev-corporate.algonquincollege.com\/#organization"},"potentialAction":[{"@type":"SearchAction","target":{"@type":"EntryPoint","urlTemplate":"https:\/\/dev-corporate.algonquincollege.com\/?s={search_term_string}"},"query-input":{"@type":"PropertyValueSpecification","valueRequired":true,"valueName":"search_term_string"}}],"inLanguage":"fr-FR"},{"@type":"Organization","@id":"https:\/\/dev-corporate.algonquincollege.com\/#organization","name":"Corporate Training - Algonquin College","url":"https:\/\/dev-corporate.algonquincollege.com\/","logo":{"@type":"ImageObject","inLanguage":"fr-FR","@id":"https:\/\/dev-corporate.algonquincollege.com\/#\/schema\/logo\/image\/","url":"https:\/\/dev-corporate.algonquincollege.com\/wp-content\/uploads\/2023\/10\/cropped-acct_logo.png","contentUrl":"https:\/\/dev-corporate.algonquincollege.com\/wp-content\/uploads\/2023\/10\/cropped-acct_logo.png","width":300,"height":44,"caption":"Corporate Training - Algonquin College"},"image":{"@id":"https:\/\/dev-corporate.algonquincollege.com\/#\/schema\/logo\/image\/"}}]}},"_links":{"self":[{"href":"https:\/\/dev-corporate.algonquincollege.com\/fr\/wp-json\/wp\/v2\/pages\/179570","targetHints":{"allow":["GET"]}}],"collection":[{"href":"https:\/\/dev-corporate.algonquincollege.com\/fr\/wp-json\/wp\/v2\/pages"}],"about":[{"href":"https:\/\/dev-corporate.algonquincollege.com\/fr\/wp-json\/wp\/v2\/types\/page"}],"author":[{"embeddable":true,"href":"https:\/\/dev-corporate.algonquincollege.com\/fr\/wp-json\/wp\/v2\/users\/2"}],"replies":[{"embeddable":true,"href":"https:\/\/dev-corporate.algonquincollege.com\/fr\/wp-json\/wp\/v2\/comments?post=179570"}],"version-history":[{"count":0,"href":"https:\/\/dev-corporate.algonquincollege.com\/fr\/wp-json\/wp\/v2\/pages\/179570\/revisions"}],"wp:attachment":[{"href":"https:\/\/dev-corporate.algonquincollege.com\/fr\/wp-json\/wp\/v2\/media?parent=179570"}],"curies":[{"name":"wp","href":"https:\/\/api.w.org\/{rel}","templated":true}]}}