{"id":181116,"date":"2023-12-15T23:09:54","date_gmt":"2023-12-16T04:09:54","guid":{"rendered":"https:\/\/dev-corporate.algonquincollege.com\/product\/bae6-validation-et-test-des-exigences\/"},"modified":"2023-12-15T23:09:54","modified_gmt":"2023-12-16T04:09:54","slug":"bae6-validation-et-test-des-exigences","status":"publish","type":"product","link":"https:\/\/dev-corporate.algonquincollege.com\/fr\/produit\/bae6-validation-et-test-des-exigences\/","title":{"rendered":"BAE6 : Validation et test des exigences"},"content":{"rendered":"<p>Avant de remettre un ensemble d&rsquo;exigences \u00e0 la personne qui va construire ou acheter une solution pour vous, comment savez-vous que vos exigences sont correctes, compl\u00e8tes et coh\u00e9rentes et qu&rsquo;elles seront correctement comprises ? Comment savez-vous que vous les avez toutes ? Que vous manque-t-il ? Une fois que la solution est livr\u00e9e et que vous avez la possibilit\u00e9 de la tester, qu&rsquo;allez-vous tester exactement ? Gr\u00e2ce \u00e0 des exercices pratiques interactifs, les participants apprennent les caract\u00e9ristiques de bonnes exigences et pratiquent des techniques de v\u00e9rification et de validation utiles et efficaces. Le r\u00f4le de l&rsquo;analyste commercial dans les tests est examin\u00e9 et les participants apprennent \u00e0 identifier et \u00e0 concevoir des cas de test.     <\/p>\n","protected":false},"excerpt":{"rendered":"<p>Examiner les techniques d&rsquo;analyse commerciale pour la tra\u00e7abilit\u00e9 et le contr\u00f4le du champ d&rsquo;application pour la v\u00e9rification et la validation des exigences.<\/p>\n","protected":false},"featured_media":182100,"template":"","meta":{"_acf_changed":false},"product_brand":[],"product_cat":[82,80],"product_tag":[],"class_list":{"0":"post-181116","1":"product","2":"type-product","3":"status-publish","4":"has-post-thumbnail","6":"product_cat-analyse-daffaires","7":"product_cat-non-classifiee","8":"course_group-business-analysis-fr","9":"course_group-business-analysis-essentials-certificate-program-fr","11":"first","12":"instock","13":"shipping-taxable","14":"purchasable","15":"product-type-variable"},"acf":[],"yoast_head":"<!-- This site is optimized with the Yoast SEO plugin v27.4 - https:\/\/yoast.com\/product\/yoast-seo-wordpress\/ -->\n<title>BAE6 : Validation et test des exigences - Corporate Training - Algonquin College<\/title>\n<meta name=\"robots\" content=\"noindex, follow\" \/>\n<meta property=\"og:locale\" content=\"fr_FR\" \/>\n<meta property=\"og:type\" content=\"article\" \/>\n<meta property=\"og:title\" content=\"BAE6 : Validation et test des exigences - Corporate Training - Algonquin College\" \/>\n<meta property=\"og:description\" content=\"Examiner les techniques d&#039;analyse commerciale pour la tra\u00e7abilit\u00e9 et le contr\u00f4le du champ d&#039;application pour la v\u00e9rification et la validation des exigences.\" \/>\n<meta property=\"og:url\" content=\"https:\/\/dev-corporate.algonquincollege.com\/fr\/produit\/bae6-validation-et-test-des-exigences\/\" \/>\n<meta property=\"og:site_name\" content=\"Corporate Training - Algonquin College\" \/>\n<meta property=\"og:image\" content=\"https:\/\/dev-corporate.algonquincollege.com\/wp-content\/uploads\/2024\/04\/BAE6.jpg\" \/>\n\t<meta property=\"og:image:width\" content=\"1400\" \/>\n\t<meta property=\"og:image:height\" content=\"800\" \/>\n\t<meta property=\"og:image:type\" content=\"image\/jpeg\" \/>\n<meta name=\"twitter:card\" content=\"summary_large_image\" \/>\n<meta name=\"twitter:label1\" content=\"Dur\u00e9e de lecture estim\u00e9e\" \/>\n\t<meta name=\"twitter:data1\" content=\"1 minute\" \/>\n<script type=\"application\/ld+json\" class=\"yoast-schema-graph\">{\"@context\":\"https:\\\/\\\/schema.org\",\"@graph\":[{\"@type\":\"WebPage\",\"@id\":\"https:\\\/\\\/dev-corporate.algonquincollege.com\\\/fr\\\/produit\\\/bae6-validation-et-test-des-exigences\\\/\",\"url\":\"https:\\\/\\\/dev-corporate.algonquincollege.com\\\/fr\\\/produit\\\/bae6-validation-et-test-des-exigences\\\/\",\"name\":\"BAE6 : Validation et test des exigences - Corporate Training - Algonquin College\",\"isPartOf\":{\"@id\":\"https:\\\/\\\/dev-corporate.algonquincollege.com\\\/#website\"},\"primaryImageOfPage\":{\"@id\":\"https:\\\/\\\/dev-corporate.algonquincollege.com\\\/fr\\\/produit\\\/bae6-validation-et-test-des-exigences\\\/#primaryimage\"},\"image\":{\"@id\":\"https:\\\/\\\/dev-corporate.algonquincollege.com\\\/fr\\\/produit\\\/bae6-validation-et-test-des-exigences\\\/#primaryimage\"},\"thumbnailUrl\":\"https:\\\/\\\/dev-corporate.algonquincollege.com\\\/wp-content\\\/uploads\\\/2026\\\/03\\\/BAE6.jpg\",\"datePublished\":\"2023-12-16T04:09:54+00:00\",\"breadcrumb\":{\"@id\":\"https:\\\/\\\/dev-corporate.algonquincollege.com\\\/fr\\\/produit\\\/bae6-validation-et-test-des-exigences\\\/#breadcrumb\"},\"inLanguage\":\"fr-FR\",\"potentialAction\":[{\"@type\":\"ReadAction\",\"target\":[\"https:\\\/\\\/dev-corporate.algonquincollege.com\\\/fr\\\/produit\\\/bae6-validation-et-test-des-exigences\\\/\"]}]},{\"@type\":\"ImageObject\",\"inLanguage\":\"fr-FR\",\"@id\":\"https:\\\/\\\/dev-corporate.algonquincollege.com\\\/fr\\\/produit\\\/bae6-validation-et-test-des-exigences\\\/#primaryimage\",\"url\":\"https:\\\/\\\/dev-corporate.algonquincollege.com\\\/wp-content\\\/uploads\\\/2026\\\/03\\\/BAE6.jpg\",\"contentUrl\":\"https:\\\/\\\/dev-corporate.algonquincollege.com\\\/wp-content\\\/uploads\\\/2026\\\/03\\\/BAE6.jpg\",\"width\":1400,\"height\":800},{\"@type\":\"BreadcrumbList\",\"@id\":\"https:\\\/\\\/dev-corporate.algonquincollege.com\\\/fr\\\/produit\\\/bae6-validation-et-test-des-exigences\\\/#breadcrumb\",\"itemListElement\":[{\"@type\":\"ListItem\",\"position\":1,\"name\":\"Home\",\"item\":\"https:\\\/\\\/dev-corporate.algonquincollege.com\\\/fr\\\/accueil\\\/\"},{\"@type\":\"ListItem\",\"position\":2,\"name\":\"Boutique\",\"item\":\"https:\\\/\\\/dev-corporate.algonquincollege.com\\\/fr\\\/boutique\\\/\"},{\"@type\":\"ListItem\",\"position\":3,\"name\":\"BAE6 : Validation et test des exigences\"}]},{\"@type\":\"WebSite\",\"@id\":\"https:\\\/\\\/dev-corporate.algonquincollege.com\\\/#website\",\"url\":\"https:\\\/\\\/dev-corporate.algonquincollege.com\\\/\",\"name\":\"Corporate Training - Algonquin College\",\"description\":\"\",\"publisher\":{\"@id\":\"https:\\\/\\\/dev-corporate.algonquincollege.com\\\/#organization\"},\"potentialAction\":[{\"@type\":\"SearchAction\",\"target\":{\"@type\":\"EntryPoint\",\"urlTemplate\":\"https:\\\/\\\/dev-corporate.algonquincollege.com\\\/?s={search_term_string}\"},\"query-input\":{\"@type\":\"PropertyValueSpecification\",\"valueRequired\":true,\"valueName\":\"search_term_string\"}}],\"inLanguage\":\"fr-FR\"},{\"@type\":\"Organization\",\"@id\":\"https:\\\/\\\/dev-corporate.algonquincollege.com\\\/#organization\",\"name\":\"Corporate Training - Algonquin College\",\"url\":\"https:\\\/\\\/dev-corporate.algonquincollege.com\\\/\",\"logo\":{\"@type\":\"ImageObject\",\"inLanguage\":\"fr-FR\",\"@id\":\"https:\\\/\\\/dev-corporate.algonquincollege.com\\\/#\\\/schema\\\/logo\\\/image\\\/\",\"url\":\"https:\\\/\\\/dev-corporate.algonquincollege.com\\\/wp-content\\\/uploads\\\/2023\\\/10\\\/cropped-acct_logo.png\",\"contentUrl\":\"https:\\\/\\\/dev-corporate.algonquincollege.com\\\/wp-content\\\/uploads\\\/2023\\\/10\\\/cropped-acct_logo.png\",\"width\":300,\"height\":44,\"caption\":\"Corporate Training - Algonquin College\"},\"image\":{\"@id\":\"https:\\\/\\\/dev-corporate.algonquincollege.com\\\/#\\\/schema\\\/logo\\\/image\\\/\"}}]}<\/script>\n<!-- \/ Yoast SEO plugin. -->","yoast_head_json":{"title":"BAE6 : Validation et test des exigences - Corporate Training - Algonquin College","robots":{"index":"noindex","follow":"follow"},"og_locale":"fr_FR","og_type":"article","og_title":"BAE6 : Validation et test des exigences - Corporate Training - Algonquin College","og_description":"Examiner les techniques d'analyse commerciale pour la tra\u00e7abilit\u00e9 et le contr\u00f4le du champ d'application pour la v\u00e9rification et la validation des exigences.","og_url":"https:\/\/dev-corporate.algonquincollege.com\/fr\/produit\/bae6-validation-et-test-des-exigences\/","og_site_name":"Corporate Training - Algonquin College","og_image":[{"width":1400,"height":800,"url":"https:\/\/dev-corporate.algonquincollege.com\/wp-content\/uploads\/2024\/04\/BAE6.jpg","type":"image\/jpeg"}],"twitter_card":"summary_large_image","twitter_misc":{"Dur\u00e9e de lecture estim\u00e9e":"1 minute"},"schema":{"@context":"https:\/\/schema.org","@graph":[{"@type":"WebPage","@id":"https:\/\/dev-corporate.algonquincollege.com\/fr\/produit\/bae6-validation-et-test-des-exigences\/","url":"https:\/\/dev-corporate.algonquincollege.com\/fr\/produit\/bae6-validation-et-test-des-exigences\/","name":"BAE6 : Validation et test des exigences - Corporate Training - Algonquin College","isPartOf":{"@id":"https:\/\/dev-corporate.algonquincollege.com\/#website"},"primaryImageOfPage":{"@id":"https:\/\/dev-corporate.algonquincollege.com\/fr\/produit\/bae6-validation-et-test-des-exigences\/#primaryimage"},"image":{"@id":"https:\/\/dev-corporate.algonquincollege.com\/fr\/produit\/bae6-validation-et-test-des-exigences\/#primaryimage"},"thumbnailUrl":"https:\/\/dev-corporate.algonquincollege.com\/wp-content\/uploads\/2026\/03\/BAE6.jpg","datePublished":"2023-12-16T04:09:54+00:00","breadcrumb":{"@id":"https:\/\/dev-corporate.algonquincollege.com\/fr\/produit\/bae6-validation-et-test-des-exigences\/#breadcrumb"},"inLanguage":"fr-FR","potentialAction":[{"@type":"ReadAction","target":["https:\/\/dev-corporate.algonquincollege.com\/fr\/produit\/bae6-validation-et-test-des-exigences\/"]}]},{"@type":"ImageObject","inLanguage":"fr-FR","@id":"https:\/\/dev-corporate.algonquincollege.com\/fr\/produit\/bae6-validation-et-test-des-exigences\/#primaryimage","url":"https:\/\/dev-corporate.algonquincollege.com\/wp-content\/uploads\/2026\/03\/BAE6.jpg","contentUrl":"https:\/\/dev-corporate.algonquincollege.com\/wp-content\/uploads\/2026\/03\/BAE6.jpg","width":1400,"height":800},{"@type":"BreadcrumbList","@id":"https:\/\/dev-corporate.algonquincollege.com\/fr\/produit\/bae6-validation-et-test-des-exigences\/#breadcrumb","itemListElement":[{"@type":"ListItem","position":1,"name":"Home","item":"https:\/\/dev-corporate.algonquincollege.com\/fr\/accueil\/"},{"@type":"ListItem","position":2,"name":"Boutique","item":"https:\/\/dev-corporate.algonquincollege.com\/fr\/boutique\/"},{"@type":"ListItem","position":3,"name":"BAE6 : Validation et test des exigences"}]},{"@type":"WebSite","@id":"https:\/\/dev-corporate.algonquincollege.com\/#website","url":"https:\/\/dev-corporate.algonquincollege.com\/","name":"Corporate Training - Algonquin College","description":"","publisher":{"@id":"https:\/\/dev-corporate.algonquincollege.com\/#organization"},"potentialAction":[{"@type":"SearchAction","target":{"@type":"EntryPoint","urlTemplate":"https:\/\/dev-corporate.algonquincollege.com\/?s={search_term_string}"},"query-input":{"@type":"PropertyValueSpecification","valueRequired":true,"valueName":"search_term_string"}}],"inLanguage":"fr-FR"},{"@type":"Organization","@id":"https:\/\/dev-corporate.algonquincollege.com\/#organization","name":"Corporate Training - Algonquin College","url":"https:\/\/dev-corporate.algonquincollege.com\/","logo":{"@type":"ImageObject","inLanguage":"fr-FR","@id":"https:\/\/dev-corporate.algonquincollege.com\/#\/schema\/logo\/image\/","url":"https:\/\/dev-corporate.algonquincollege.com\/wp-content\/uploads\/2023\/10\/cropped-acct_logo.png","contentUrl":"https:\/\/dev-corporate.algonquincollege.com\/wp-content\/uploads\/2023\/10\/cropped-acct_logo.png","width":300,"height":44,"caption":"Corporate Training - Algonquin College"},"image":{"@id":"https:\/\/dev-corporate.algonquincollege.com\/#\/schema\/logo\/image\/"}}]}},"_links":{"self":[{"href":"https:\/\/dev-corporate.algonquincollege.com\/fr\/wp-json\/wp\/v2\/product\/181116","targetHints":{"allow":["GET"]}}],"collection":[{"href":"https:\/\/dev-corporate.algonquincollege.com\/fr\/wp-json\/wp\/v2\/product"}],"about":[{"href":"https:\/\/dev-corporate.algonquincollege.com\/fr\/wp-json\/wp\/v2\/types\/product"}],"wp:featuredmedia":[{"embeddable":true,"href":"https:\/\/dev-corporate.algonquincollege.com\/fr\/wp-json\/wp\/v2\/media\/182100"}],"wp:attachment":[{"href":"https:\/\/dev-corporate.algonquincollege.com\/fr\/wp-json\/wp\/v2\/media?parent=181116"}],"wp:term":[{"taxonomy":"product_brand","embeddable":true,"href":"https:\/\/dev-corporate.algonquincollege.com\/fr\/wp-json\/wp\/v2\/product_brand?post=181116"},{"taxonomy":"product_cat","embeddable":true,"href":"https:\/\/dev-corporate.algonquincollege.com\/fr\/wp-json\/wp\/v2\/product_cat?post=181116"},{"taxonomy":"product_tag","embeddable":true,"href":"https:\/\/dev-corporate.algonquincollege.com\/fr\/wp-json\/wp\/v2\/product_tag?post=181116"}],"curies":[{"name":"wp","href":"https:\/\/api.w.org\/{rel}","templated":true}]}}