{"id":181129,"date":"2023-12-15T18:09:48","date_gmt":"2023-12-15T23:09:48","guid":{"rendered":"https:\/\/dev-corporate.algonquincollege.com\/product\/pme5-gestion-de-la-qualite-des-projets\/"},"modified":"2023-12-15T23:09:48","modified_gmt":"2023-12-16T04:09:48","slug":"pme5-gestion-de-la-qualite-des-projets","status":"publish","type":"product","link":"https:\/\/dev-corporate.algonquincollege.com\/fr\/produit\/pme5-gestion-de-la-qualite-des-projets\/","title":{"rendered":"PME5 : Gestion de la qualit\u00e9 des projets"},"content":{"rendered":"<p>\u00c9laborer un cadre de gestion de la qualit\u00e9 du projet. D\u00e9finir les exigences de qualit\u00e9 du projet et les int\u00e9grer dans le projet. Apprendre des m\u00e9thodes pour s&rsquo;assurer que la qualit\u00e9 est prise en compte pendant la phase de planification et qu&rsquo;elle est g\u00e9r\u00e9e pendant toute la dur\u00e9e du projet. Apprendre et appliquer les comp\u00e9tences de base.   <\/p>\n","protected":false},"excerpt":{"rendered":"<p>Apprenez \u00e0 d\u00e9velopper un plan de gestion de la qualit\u00e9 et des exigences de conception pour r\u00e9pondre aux attentes des parties prenantes et de l&rsquo;organisation.<\/p>\n","protected":false},"featured_media":182107,"template":"","meta":{"_acf_changed":false},"product_brand":[],"product_cat":[80,120],"product_tag":[],"class_list":{"0":"post-181129","1":"product","2":"type-product","3":"status-publish","4":"has-post-thumbnail","6":"product_cat-non-classifiee","7":"product_cat-project-management-fr","8":"course_group-project-management-fr","9":"course_group-project-management-essentials-certificate-program-fr","11":"first","12":"instock","13":"shipping-taxable","14":"purchasable","15":"product-type-variable"},"acf":[],"yoast_head":"<!-- This site is optimized with the Yoast SEO plugin v27.4 - https:\/\/yoast.com\/product\/yoast-seo-wordpress\/ -->\n<title>PME5 : Gestion de la qualit\u00e9 des projets - Corporate Training - Algonquin College<\/title>\n<meta name=\"robots\" content=\"noindex, follow\" \/>\n<meta property=\"og:locale\" content=\"fr_FR\" \/>\n<meta property=\"og:type\" content=\"article\" \/>\n<meta property=\"og:title\" content=\"PME5 : Gestion de la qualit\u00e9 des projets - Corporate Training - Algonquin College\" \/>\n<meta property=\"og:description\" content=\"Apprenez \u00e0 d\u00e9velopper un plan de gestion de la qualit\u00e9 et des exigences de conception pour r\u00e9pondre aux attentes des parties prenantes et de l&#039;organisation.\" \/>\n<meta property=\"og:url\" content=\"https:\/\/dev-corporate.algonquincollege.com\/fr\/produit\/pme5-gestion-de-la-qualite-des-projets\/\" \/>\n<meta property=\"og:site_name\" content=\"Corporate Training - Algonquin College\" \/>\n<meta property=\"article:modified_time\" content=\"2023-12-16T04:09:48+00:00\" \/>\n<meta property=\"og:image\" content=\"https:\/\/dev-corporate.algonquincollege.com\/wp-content\/uploads\/2024\/04\/PME5.jpg\" \/>\n\t<meta property=\"og:image:width\" content=\"1400\" \/>\n\t<meta property=\"og:image:height\" content=\"800\" \/>\n\t<meta property=\"og:image:type\" content=\"image\/jpeg\" \/>\n<meta name=\"twitter:card\" content=\"summary_large_image\" \/>\n<script type=\"application\/ld+json\" class=\"yoast-schema-graph\">{\"@context\":\"https:\\\/\\\/schema.org\",\"@graph\":[{\"@type\":\"WebPage\",\"@id\":\"https:\\\/\\\/dev-corporate.algonquincollege.com\\\/fr\\\/produit\\\/pme5-gestion-de-la-qualite-des-projets\\\/\",\"url\":\"https:\\\/\\\/dev-corporate.algonquincollege.com\\\/fr\\\/produit\\\/pme5-gestion-de-la-qualite-des-projets\\\/\",\"name\":\"PME5 : Gestion de la qualit\u00e9 des projets - Corporate Training - Algonquin College\",\"isPartOf\":{\"@id\":\"https:\\\/\\\/dev-corporate.algonquincollege.com\\\/#website\"},\"primaryImageOfPage\":{\"@id\":\"https:\\\/\\\/dev-corporate.algonquincollege.com\\\/fr\\\/produit\\\/pme5-gestion-de-la-qualite-des-projets\\\/#primaryimage\"},\"image\":{\"@id\":\"https:\\\/\\\/dev-corporate.algonquincollege.com\\\/fr\\\/produit\\\/pme5-gestion-de-la-qualite-des-projets\\\/#primaryimage\"},\"thumbnailUrl\":\"https:\\\/\\\/dev-corporate.algonquincollege.com\\\/wp-content\\\/uploads\\\/2026\\\/03\\\/PME5.jpg\",\"datePublished\":\"2023-12-15T23:09:48+00:00\",\"dateModified\":\"2023-12-16T04:09:48+00:00\",\"breadcrumb\":{\"@id\":\"https:\\\/\\\/dev-corporate.algonquincollege.com\\\/fr\\\/produit\\\/pme5-gestion-de-la-qualite-des-projets\\\/#breadcrumb\"},\"inLanguage\":\"fr-FR\",\"potentialAction\":[{\"@type\":\"ReadAction\",\"target\":[\"https:\\\/\\\/dev-corporate.algonquincollege.com\\\/fr\\\/produit\\\/pme5-gestion-de-la-qualite-des-projets\\\/\"]}]},{\"@type\":\"ImageObject\",\"inLanguage\":\"fr-FR\",\"@id\":\"https:\\\/\\\/dev-corporate.algonquincollege.com\\\/fr\\\/produit\\\/pme5-gestion-de-la-qualite-des-projets\\\/#primaryimage\",\"url\":\"https:\\\/\\\/dev-corporate.algonquincollege.com\\\/wp-content\\\/uploads\\\/2026\\\/03\\\/PME5.jpg\",\"contentUrl\":\"https:\\\/\\\/dev-corporate.algonquincollege.com\\\/wp-content\\\/uploads\\\/2026\\\/03\\\/PME5.jpg\",\"width\":1400,\"height\":800},{\"@type\":\"BreadcrumbList\",\"@id\":\"https:\\\/\\\/dev-corporate.algonquincollege.com\\\/fr\\\/produit\\\/pme5-gestion-de-la-qualite-des-projets\\\/#breadcrumb\",\"itemListElement\":[{\"@type\":\"ListItem\",\"position\":1,\"name\":\"Home\",\"item\":\"https:\\\/\\\/dev-corporate.algonquincollege.com\\\/fr\\\/accueil\\\/\"},{\"@type\":\"ListItem\",\"position\":2,\"name\":\"Boutique\",\"item\":\"https:\\\/\\\/dev-corporate.algonquincollege.com\\\/fr\\\/boutique\\\/\"},{\"@type\":\"ListItem\",\"position\":3,\"name\":\"PME5 : Gestion de la qualit\u00e9 des projets\"}]},{\"@type\":\"WebSite\",\"@id\":\"https:\\\/\\\/dev-corporate.algonquincollege.com\\\/#website\",\"url\":\"https:\\\/\\\/dev-corporate.algonquincollege.com\\\/\",\"name\":\"Corporate Training - Algonquin College\",\"description\":\"\",\"publisher\":{\"@id\":\"https:\\\/\\\/dev-corporate.algonquincollege.com\\\/#organization\"},\"potentialAction\":[{\"@type\":\"SearchAction\",\"target\":{\"@type\":\"EntryPoint\",\"urlTemplate\":\"https:\\\/\\\/dev-corporate.algonquincollege.com\\\/?s={search_term_string}\"},\"query-input\":{\"@type\":\"PropertyValueSpecification\",\"valueRequired\":true,\"valueName\":\"search_term_string\"}}],\"inLanguage\":\"fr-FR\"},{\"@type\":\"Organization\",\"@id\":\"https:\\\/\\\/dev-corporate.algonquincollege.com\\\/#organization\",\"name\":\"Corporate Training - Algonquin College\",\"url\":\"https:\\\/\\\/dev-corporate.algonquincollege.com\\\/\",\"logo\":{\"@type\":\"ImageObject\",\"inLanguage\":\"fr-FR\",\"@id\":\"https:\\\/\\\/dev-corporate.algonquincollege.com\\\/#\\\/schema\\\/logo\\\/image\\\/\",\"url\":\"https:\\\/\\\/dev-corporate.algonquincollege.com\\\/wp-content\\\/uploads\\\/2023\\\/10\\\/cropped-acct_logo.png\",\"contentUrl\":\"https:\\\/\\\/dev-corporate.algonquincollege.com\\\/wp-content\\\/uploads\\\/2023\\\/10\\\/cropped-acct_logo.png\",\"width\":300,\"height\":44,\"caption\":\"Corporate Training - Algonquin College\"},\"image\":{\"@id\":\"https:\\\/\\\/dev-corporate.algonquincollege.com\\\/#\\\/schema\\\/logo\\\/image\\\/\"}}]}<\/script>\n<!-- \/ Yoast SEO plugin. -->","yoast_head_json":{"title":"PME5 : Gestion de la qualit\u00e9 des projets - Corporate Training - Algonquin College","robots":{"index":"noindex","follow":"follow"},"og_locale":"fr_FR","og_type":"article","og_title":"PME5 : Gestion de la qualit\u00e9 des projets - Corporate Training - Algonquin College","og_description":"Apprenez \u00e0 d\u00e9velopper un plan de gestion de la qualit\u00e9 et des exigences de conception pour r\u00e9pondre aux attentes des parties prenantes et de l'organisation.","og_url":"https:\/\/dev-corporate.algonquincollege.com\/fr\/produit\/pme5-gestion-de-la-qualite-des-projets\/","og_site_name":"Corporate Training - Algonquin College","article_modified_time":"2023-12-16T04:09:48+00:00","og_image":[{"width":1400,"height":800,"url":"https:\/\/dev-corporate.algonquincollege.com\/wp-content\/uploads\/2024\/04\/PME5.jpg","type":"image\/jpeg"}],"twitter_card":"summary_large_image","schema":{"@context":"https:\/\/schema.org","@graph":[{"@type":"WebPage","@id":"https:\/\/dev-corporate.algonquincollege.com\/fr\/produit\/pme5-gestion-de-la-qualite-des-projets\/","url":"https:\/\/dev-corporate.algonquincollege.com\/fr\/produit\/pme5-gestion-de-la-qualite-des-projets\/","name":"PME5 : Gestion de la qualit\u00e9 des projets - Corporate Training - Algonquin College","isPartOf":{"@id":"https:\/\/dev-corporate.algonquincollege.com\/#website"},"primaryImageOfPage":{"@id":"https:\/\/dev-corporate.algonquincollege.com\/fr\/produit\/pme5-gestion-de-la-qualite-des-projets\/#primaryimage"},"image":{"@id":"https:\/\/dev-corporate.algonquincollege.com\/fr\/produit\/pme5-gestion-de-la-qualite-des-projets\/#primaryimage"},"thumbnailUrl":"https:\/\/dev-corporate.algonquincollege.com\/wp-content\/uploads\/2026\/03\/PME5.jpg","datePublished":"2023-12-15T23:09:48+00:00","dateModified":"2023-12-16T04:09:48+00:00","breadcrumb":{"@id":"https:\/\/dev-corporate.algonquincollege.com\/fr\/produit\/pme5-gestion-de-la-qualite-des-projets\/#breadcrumb"},"inLanguage":"fr-FR","potentialAction":[{"@type":"ReadAction","target":["https:\/\/dev-corporate.algonquincollege.com\/fr\/produit\/pme5-gestion-de-la-qualite-des-projets\/"]}]},{"@type":"ImageObject","inLanguage":"fr-FR","@id":"https:\/\/dev-corporate.algonquincollege.com\/fr\/produit\/pme5-gestion-de-la-qualite-des-projets\/#primaryimage","url":"https:\/\/dev-corporate.algonquincollege.com\/wp-content\/uploads\/2026\/03\/PME5.jpg","contentUrl":"https:\/\/dev-corporate.algonquincollege.com\/wp-content\/uploads\/2026\/03\/PME5.jpg","width":1400,"height":800},{"@type":"BreadcrumbList","@id":"https:\/\/dev-corporate.algonquincollege.com\/fr\/produit\/pme5-gestion-de-la-qualite-des-projets\/#breadcrumb","itemListElement":[{"@type":"ListItem","position":1,"name":"Home","item":"https:\/\/dev-corporate.algonquincollege.com\/fr\/accueil\/"},{"@type":"ListItem","position":2,"name":"Boutique","item":"https:\/\/dev-corporate.algonquincollege.com\/fr\/boutique\/"},{"@type":"ListItem","position":3,"name":"PME5 : Gestion de la qualit\u00e9 des projets"}]},{"@type":"WebSite","@id":"https:\/\/dev-corporate.algonquincollege.com\/#website","url":"https:\/\/dev-corporate.algonquincollege.com\/","name":"Corporate Training - Algonquin College","description":"","publisher":{"@id":"https:\/\/dev-corporate.algonquincollege.com\/#organization"},"potentialAction":[{"@type":"SearchAction","target":{"@type":"EntryPoint","urlTemplate":"https:\/\/dev-corporate.algonquincollege.com\/?s={search_term_string}"},"query-input":{"@type":"PropertyValueSpecification","valueRequired":true,"valueName":"search_term_string"}}],"inLanguage":"fr-FR"},{"@type":"Organization","@id":"https:\/\/dev-corporate.algonquincollege.com\/#organization","name":"Corporate Training - Algonquin College","url":"https:\/\/dev-corporate.algonquincollege.com\/","logo":{"@type":"ImageObject","inLanguage":"fr-FR","@id":"https:\/\/dev-corporate.algonquincollege.com\/#\/schema\/logo\/image\/","url":"https:\/\/dev-corporate.algonquincollege.com\/wp-content\/uploads\/2023\/10\/cropped-acct_logo.png","contentUrl":"https:\/\/dev-corporate.algonquincollege.com\/wp-content\/uploads\/2023\/10\/cropped-acct_logo.png","width":300,"height":44,"caption":"Corporate Training - Algonquin College"},"image":{"@id":"https:\/\/dev-corporate.algonquincollege.com\/#\/schema\/logo\/image\/"}}]}},"_links":{"self":[{"href":"https:\/\/dev-corporate.algonquincollege.com\/fr\/wp-json\/wp\/v2\/product\/181129","targetHints":{"allow":["GET"]}}],"collection":[{"href":"https:\/\/dev-corporate.algonquincollege.com\/fr\/wp-json\/wp\/v2\/product"}],"about":[{"href":"https:\/\/dev-corporate.algonquincollege.com\/fr\/wp-json\/wp\/v2\/types\/product"}],"wp:featuredmedia":[{"embeddable":true,"href":"https:\/\/dev-corporate.algonquincollege.com\/fr\/wp-json\/wp\/v2\/media\/182107"}],"wp:attachment":[{"href":"https:\/\/dev-corporate.algonquincollege.com\/fr\/wp-json\/wp\/v2\/media?parent=181129"}],"wp:term":[{"taxonomy":"product_brand","embeddable":true,"href":"https:\/\/dev-corporate.algonquincollege.com\/fr\/wp-json\/wp\/v2\/product_brand?post=181129"},{"taxonomy":"product_cat","embeddable":true,"href":"https:\/\/dev-corporate.algonquincollege.com\/fr\/wp-json\/wp\/v2\/product_cat?post=181129"},{"taxonomy":"product_tag","embeddable":true,"href":"https:\/\/dev-corporate.algonquincollege.com\/fr\/wp-json\/wp\/v2\/product_tag?post=181129"}],"curies":[{"name":"wp","href":"https:\/\/api.w.org\/{rel}","templated":true}]}}