{"id":181136,"date":"2023-12-15T18:08:58","date_gmt":"2023-12-15T23:08:58","guid":{"rendered":"https:\/\/dev-corporate.algonquincollege.com\/product\/mise-en-oeuvre-dun-projet-agile\/"},"modified":"2023-12-15T23:08:58","modified_gmt":"2023-12-16T04:08:58","slug":"mise-en-oeuvre-dun-projet-agile","status":"publish","type":"product","link":"https:\/\/dev-corporate.algonquincollege.com\/fr\/produit\/mise-en-oeuvre-dun-projet-agile\/","title":{"rendered":"Mise en \u0153uvre d&rsquo;un projet agile"},"content":{"rendered":"<p>Explorez les \u00e9l\u00e9ments fondamentaux de la gestion Agile, y compris les processus cl\u00e9s impliqu\u00e9s dans le lancement, la planification, l&rsquo;ex\u00e9cution, le contr\u00f4le et la cl\u00f4ture d&rsquo;un projet en utilisant cette m\u00e9thodologie.<\/p>\n<p>Ce cours de deux jours donnera aux participants une compr\u00e9hension interm\u00e9diaire des processus de gestion de projet Agile et des connaissances et comp\u00e9tences n\u00e9cessaires pour r\u00e9ussir dans ce domaine.<\/p>\n<p>Vous b\u00e9n\u00e9ficierez d&rsquo;exercices et d&rsquo;\u00e9tudes de cas qui vous permettront d&rsquo;appliquer ce que vous apprenez en classe, ainsi que d&rsquo;un animateur comp\u00e9tent qui apporte des ann\u00e9es d&rsquo;exp\u00e9rience en gestion de projet \u00e0 ce cours.<\/p>\n","protected":false},"excerpt":{"rendered":"<p>Apprenez les principes fondamentaux de la gestion de projet Agile, y compris les processus cl\u00e9s impliqu\u00e9s.<\/p>\n","protected":false},"featured_media":182155,"template":"","meta":{"_acf_changed":false},"product_brand":[],"product_cat":[80,120],"product_tag":[],"class_list":{"0":"post-181136","1":"product","2":"type-product","3":"status-publish","4":"has-post-thumbnail","6":"product_cat-non-classifiee","7":"product_cat-project-management-fr","8":"course_group-project-management-fr","10":"first","11":"instock","12":"shipping-taxable","13":"purchasable","14":"product-type-variable"},"acf":[],"yoast_head":"<!-- This site is optimized with the Yoast SEO plugin v27.4 - https:\/\/yoast.com\/product\/yoast-seo-wordpress\/ -->\n<title>Mise en \u0153uvre d&#039;un projet agile - Corporate Training - Algonquin College<\/title>\n<meta name=\"robots\" content=\"noindex, follow\" \/>\n<meta property=\"og:locale\" content=\"fr_FR\" \/>\n<meta property=\"og:type\" content=\"article\" \/>\n<meta property=\"og:title\" content=\"Mise en \u0153uvre d&#039;un projet agile - Corporate Training - Algonquin College\" \/>\n<meta property=\"og:description\" content=\"Apprenez les principes fondamentaux de la gestion de projet Agile, y compris les processus cl\u00e9s impliqu\u00e9s.\" \/>\n<meta property=\"og:url\" content=\"https:\/\/dev-corporate.algonquincollege.com\/fr\/produit\/mise-en-oeuvre-dun-projet-agile\/\" \/>\n<meta property=\"og:site_name\" content=\"Corporate Training - Algonquin College\" \/>\n<meta property=\"article:modified_time\" content=\"2023-12-16T04:08:58+00:00\" \/>\n<meta property=\"og:image\" content=\"https:\/\/dev-corporate.algonquincollege.com\/wp-content\/uploads\/2024\/04\/Implementing-an-Agile-Project.jpg\" \/>\n\t<meta property=\"og:image:width\" content=\"1400\" \/>\n\t<meta property=\"og:image:height\" content=\"800\" \/>\n\t<meta property=\"og:image:type\" content=\"image\/jpeg\" \/>\n<meta name=\"twitter:card\" content=\"summary_large_image\" \/>\n<meta name=\"twitter:label1\" content=\"Dur\u00e9e de lecture estim\u00e9e\" \/>\n\t<meta name=\"twitter:data1\" content=\"1 minute\" \/>\n<script type=\"application\/ld+json\" class=\"yoast-schema-graph\">{\"@context\":\"https:\\\/\\\/schema.org\",\"@graph\":[{\"@type\":\"WebPage\",\"@id\":\"https:\\\/\\\/dev-corporate.algonquincollege.com\\\/fr\\\/produit\\\/mise-en-oeuvre-dun-projet-agile\\\/\",\"url\":\"https:\\\/\\\/dev-corporate.algonquincollege.com\\\/fr\\\/produit\\\/mise-en-oeuvre-dun-projet-agile\\\/\",\"name\":\"Mise en \u0153uvre d'un projet agile - Corporate Training - Algonquin College\",\"isPartOf\":{\"@id\":\"https:\\\/\\\/dev-corporate.algonquincollege.com\\\/#website\"},\"primaryImageOfPage\":{\"@id\":\"https:\\\/\\\/dev-corporate.algonquincollege.com\\\/fr\\\/produit\\\/mise-en-oeuvre-dun-projet-agile\\\/#primaryimage\"},\"image\":{\"@id\":\"https:\\\/\\\/dev-corporate.algonquincollege.com\\\/fr\\\/produit\\\/mise-en-oeuvre-dun-projet-agile\\\/#primaryimage\"},\"thumbnailUrl\":\"https:\\\/\\\/dev-corporate.algonquincollege.com\\\/wp-content\\\/uploads\\\/2026\\\/03\\\/Implementing-an-Agile-Project.jpg\",\"datePublished\":\"2023-12-15T23:08:58+00:00\",\"dateModified\":\"2023-12-16T04:08:58+00:00\",\"breadcrumb\":{\"@id\":\"https:\\\/\\\/dev-corporate.algonquincollege.com\\\/fr\\\/produit\\\/mise-en-oeuvre-dun-projet-agile\\\/#breadcrumb\"},\"inLanguage\":\"fr-FR\",\"potentialAction\":[{\"@type\":\"ReadAction\",\"target\":[\"https:\\\/\\\/dev-corporate.algonquincollege.com\\\/fr\\\/produit\\\/mise-en-oeuvre-dun-projet-agile\\\/\"]}]},{\"@type\":\"ImageObject\",\"inLanguage\":\"fr-FR\",\"@id\":\"https:\\\/\\\/dev-corporate.algonquincollege.com\\\/fr\\\/produit\\\/mise-en-oeuvre-dun-projet-agile\\\/#primaryimage\",\"url\":\"https:\\\/\\\/dev-corporate.algonquincollege.com\\\/wp-content\\\/uploads\\\/2026\\\/03\\\/Implementing-an-Agile-Project.jpg\",\"contentUrl\":\"https:\\\/\\\/dev-corporate.algonquincollege.com\\\/wp-content\\\/uploads\\\/2026\\\/03\\\/Implementing-an-Agile-Project.jpg\",\"width\":1400,\"height\":800},{\"@type\":\"BreadcrumbList\",\"@id\":\"https:\\\/\\\/dev-corporate.algonquincollege.com\\\/fr\\\/produit\\\/mise-en-oeuvre-dun-projet-agile\\\/#breadcrumb\",\"itemListElement\":[{\"@type\":\"ListItem\",\"position\":1,\"name\":\"Home\",\"item\":\"https:\\\/\\\/dev-corporate.algonquincollege.com\\\/fr\\\/accueil\\\/\"},{\"@type\":\"ListItem\",\"position\":2,\"name\":\"Boutique\",\"item\":\"https:\\\/\\\/dev-corporate.algonquincollege.com\\\/fr\\\/boutique\\\/\"},{\"@type\":\"ListItem\",\"position\":3,\"name\":\"Mise en \u0153uvre d&#8217;un projet agile\"}]},{\"@type\":\"WebSite\",\"@id\":\"https:\\\/\\\/dev-corporate.algonquincollege.com\\\/#website\",\"url\":\"https:\\\/\\\/dev-corporate.algonquincollege.com\\\/\",\"name\":\"Corporate Training - Algonquin College\",\"description\":\"\",\"publisher\":{\"@id\":\"https:\\\/\\\/dev-corporate.algonquincollege.com\\\/#organization\"},\"potentialAction\":[{\"@type\":\"SearchAction\",\"target\":{\"@type\":\"EntryPoint\",\"urlTemplate\":\"https:\\\/\\\/dev-corporate.algonquincollege.com\\\/?s={search_term_string}\"},\"query-input\":{\"@type\":\"PropertyValueSpecification\",\"valueRequired\":true,\"valueName\":\"search_term_string\"}}],\"inLanguage\":\"fr-FR\"},{\"@type\":\"Organization\",\"@id\":\"https:\\\/\\\/dev-corporate.algonquincollege.com\\\/#organization\",\"name\":\"Corporate Training - Algonquin College\",\"url\":\"https:\\\/\\\/dev-corporate.algonquincollege.com\\\/\",\"logo\":{\"@type\":\"ImageObject\",\"inLanguage\":\"fr-FR\",\"@id\":\"https:\\\/\\\/dev-corporate.algonquincollege.com\\\/#\\\/schema\\\/logo\\\/image\\\/\",\"url\":\"https:\\\/\\\/dev-corporate.algonquincollege.com\\\/wp-content\\\/uploads\\\/2023\\\/10\\\/cropped-acct_logo.png\",\"contentUrl\":\"https:\\\/\\\/dev-corporate.algonquincollege.com\\\/wp-content\\\/uploads\\\/2023\\\/10\\\/cropped-acct_logo.png\",\"width\":300,\"height\":44,\"caption\":\"Corporate Training - Algonquin College\"},\"image\":{\"@id\":\"https:\\\/\\\/dev-corporate.algonquincollege.com\\\/#\\\/schema\\\/logo\\\/image\\\/\"}}]}<\/script>\n<!-- \/ Yoast SEO plugin. -->","yoast_head_json":{"title":"Mise en \u0153uvre d'un projet agile - Corporate Training - Algonquin College","robots":{"index":"noindex","follow":"follow"},"og_locale":"fr_FR","og_type":"article","og_title":"Mise en \u0153uvre d'un projet agile - Corporate Training - Algonquin College","og_description":"Apprenez les principes fondamentaux de la gestion de projet Agile, y compris les processus cl\u00e9s impliqu\u00e9s.","og_url":"https:\/\/dev-corporate.algonquincollege.com\/fr\/produit\/mise-en-oeuvre-dun-projet-agile\/","og_site_name":"Corporate Training - Algonquin College","article_modified_time":"2023-12-16T04:08:58+00:00","og_image":[{"width":1400,"height":800,"url":"https:\/\/dev-corporate.algonquincollege.com\/wp-content\/uploads\/2024\/04\/Implementing-an-Agile-Project.jpg","type":"image\/jpeg"}],"twitter_card":"summary_large_image","twitter_misc":{"Dur\u00e9e de lecture estim\u00e9e":"1 minute"},"schema":{"@context":"https:\/\/schema.org","@graph":[{"@type":"WebPage","@id":"https:\/\/dev-corporate.algonquincollege.com\/fr\/produit\/mise-en-oeuvre-dun-projet-agile\/","url":"https:\/\/dev-corporate.algonquincollege.com\/fr\/produit\/mise-en-oeuvre-dun-projet-agile\/","name":"Mise en \u0153uvre d'un projet agile - Corporate Training - Algonquin College","isPartOf":{"@id":"https:\/\/dev-corporate.algonquincollege.com\/#website"},"primaryImageOfPage":{"@id":"https:\/\/dev-corporate.algonquincollege.com\/fr\/produit\/mise-en-oeuvre-dun-projet-agile\/#primaryimage"},"image":{"@id":"https:\/\/dev-corporate.algonquincollege.com\/fr\/produit\/mise-en-oeuvre-dun-projet-agile\/#primaryimage"},"thumbnailUrl":"https:\/\/dev-corporate.algonquincollege.com\/wp-content\/uploads\/2026\/03\/Implementing-an-Agile-Project.jpg","datePublished":"2023-12-15T23:08:58+00:00","dateModified":"2023-12-16T04:08:58+00:00","breadcrumb":{"@id":"https:\/\/dev-corporate.algonquincollege.com\/fr\/produit\/mise-en-oeuvre-dun-projet-agile\/#breadcrumb"},"inLanguage":"fr-FR","potentialAction":[{"@type":"ReadAction","target":["https:\/\/dev-corporate.algonquincollege.com\/fr\/produit\/mise-en-oeuvre-dun-projet-agile\/"]}]},{"@type":"ImageObject","inLanguage":"fr-FR","@id":"https:\/\/dev-corporate.algonquincollege.com\/fr\/produit\/mise-en-oeuvre-dun-projet-agile\/#primaryimage","url":"https:\/\/dev-corporate.algonquincollege.com\/wp-content\/uploads\/2026\/03\/Implementing-an-Agile-Project.jpg","contentUrl":"https:\/\/dev-corporate.algonquincollege.com\/wp-content\/uploads\/2026\/03\/Implementing-an-Agile-Project.jpg","width":1400,"height":800},{"@type":"BreadcrumbList","@id":"https:\/\/dev-corporate.algonquincollege.com\/fr\/produit\/mise-en-oeuvre-dun-projet-agile\/#breadcrumb","itemListElement":[{"@type":"ListItem","position":1,"name":"Home","item":"https:\/\/dev-corporate.algonquincollege.com\/fr\/accueil\/"},{"@type":"ListItem","position":2,"name":"Boutique","item":"https:\/\/dev-corporate.algonquincollege.com\/fr\/boutique\/"},{"@type":"ListItem","position":3,"name":"Mise en \u0153uvre d&#8217;un projet agile"}]},{"@type":"WebSite","@id":"https:\/\/dev-corporate.algonquincollege.com\/#website","url":"https:\/\/dev-corporate.algonquincollege.com\/","name":"Corporate Training - Algonquin College","description":"","publisher":{"@id":"https:\/\/dev-corporate.algonquincollege.com\/#organization"},"potentialAction":[{"@type":"SearchAction","target":{"@type":"EntryPoint","urlTemplate":"https:\/\/dev-corporate.algonquincollege.com\/?s={search_term_string}"},"query-input":{"@type":"PropertyValueSpecification","valueRequired":true,"valueName":"search_term_string"}}],"inLanguage":"fr-FR"},{"@type":"Organization","@id":"https:\/\/dev-corporate.algonquincollege.com\/#organization","name":"Corporate Training - Algonquin College","url":"https:\/\/dev-corporate.algonquincollege.com\/","logo":{"@type":"ImageObject","inLanguage":"fr-FR","@id":"https:\/\/dev-corporate.algonquincollege.com\/#\/schema\/logo\/image\/","url":"https:\/\/dev-corporate.algonquincollege.com\/wp-content\/uploads\/2023\/10\/cropped-acct_logo.png","contentUrl":"https:\/\/dev-corporate.algonquincollege.com\/wp-content\/uploads\/2023\/10\/cropped-acct_logo.png","width":300,"height":44,"caption":"Corporate Training - Algonquin College"},"image":{"@id":"https:\/\/dev-corporate.algonquincollege.com\/#\/schema\/logo\/image\/"}}]}},"_links":{"self":[{"href":"https:\/\/dev-corporate.algonquincollege.com\/fr\/wp-json\/wp\/v2\/product\/181136","targetHints":{"allow":["GET"]}}],"collection":[{"href":"https:\/\/dev-corporate.algonquincollege.com\/fr\/wp-json\/wp\/v2\/product"}],"about":[{"href":"https:\/\/dev-corporate.algonquincollege.com\/fr\/wp-json\/wp\/v2\/types\/product"}],"wp:featuredmedia":[{"embeddable":true,"href":"https:\/\/dev-corporate.algonquincollege.com\/fr\/wp-json\/wp\/v2\/media\/182155"}],"wp:attachment":[{"href":"https:\/\/dev-corporate.algonquincollege.com\/fr\/wp-json\/wp\/v2\/media?parent=181136"}],"wp:term":[{"taxonomy":"product_brand","embeddable":true,"href":"https:\/\/dev-corporate.algonquincollege.com\/fr\/wp-json\/wp\/v2\/product_brand?post=181136"},{"taxonomy":"product_cat","embeddable":true,"href":"https:\/\/dev-corporate.algonquincollege.com\/fr\/wp-json\/wp\/v2\/product_cat?post=181136"},{"taxonomy":"product_tag","embeddable":true,"href":"https:\/\/dev-corporate.algonquincollege.com\/fr\/wp-json\/wp\/v2\/product_tag?post=181136"}],"curies":[{"name":"wp","href":"https:\/\/api.w.org\/{rel}","templated":true}]}}