{"id":181150,"date":"2023-12-15T18:09:26","date_gmt":"2023-12-15T23:09:26","guid":{"rendered":"https:\/\/dev-corporate.algonquincollege.com\/product\/hcra-codes-de-construction-en-ontario\/"},"modified":"2023-12-15T23:09:26","modified_gmt":"2023-12-16T04:09:26","slug":"hcra-codes-de-construction-en-ontario","status":"publish","type":"product","link":"https:\/\/dev-corporate.algonquincollege.com\/fr\/produit\/hcra-codes-de-construction-en-ontario\/","title":{"rendered":"HCRA : Codes de construction en Ontario"},"content":{"rendered":"<p>Cours approuv\u00e9 par l&rsquo;HCRA pour les constructeurs et les vendeurs de maisons<\/p>\n<p>The Ontario Building Code (OBC) and Act are daunting documents that are essential to understand and use as construction professionals. In this course you will learn about the history and administration of the code, how to apply it in your day-to-day work, and the responsibilities of the various parties covered by the code and Act. <\/p>\n<p>Please note: Ontario released a new Building Code to reduce regulatory burdens for the construction industry, increase the safety and quality of buildings, and make it easier to build housing. The 2024 Building Code streamlines processes for the sector and increases harmonization with the National Construction Codes by eliminating at least 1,730 technical variations between the provincial and national requirements. This course and exam are based on the 2024 Building Code.  <\/p>\n<h5>Les cours portent sur les sujets suivants<\/h5>\n<ul>\n<li>L&rsquo;importance du code de la construction de l&rsquo;Ontario<\/li>\n<li>Comment le code de la construction de l&rsquo;Ontario a \u00e9t\u00e9 \u00e9labor\u00e9 et comment il est mis \u00e0 jour<\/li>\n<li>Comment naviguer dans le Code et la Loi sur la construction de l&rsquo;Ontario<\/li>\n<li>Comment utiliser le code du b\u00e2timent de l&rsquo;Ontario pour d\u00e9terminer les exigences en mati\u00e8re de construction ?<\/li>\n<\/ul>\n<h5>L&rsquo;examen :<\/h5>\n<p class=\"p1\">If you are applying for your HCRA License, successfully completing the exam is required for your application. This exam is a multiple-choice, true\/false and multiple-answer format. You must have a copy of the <em>2024 Building Code Compendium<\/em> with you for the exam either in printed or PDF format. The exam is available 24\/7, an appointment is not needed, and you will have access to complete your exam for 60 days. You will have three (3) attempts to pass the exam. The pass mark is 70%.     <\/p>\n<p>If you wish to only take the HCRA Exam, the cost is $125 and <a href=\"https:\/\/dev-corporate.algonquincollege.com\/product\/hcra-competency-exam-building-codes-in-ontario\/\">you can register here.<\/a><\/p>\n","protected":false},"excerpt":{"rendered":"<p>Apprenez \u00e0 conna\u00eetre le Code et la Loi sur le b\u00e2timent de l&rsquo;Ontario, et comment les appliquer dans votre travail quotidien. Le cours comprend l&rsquo;examen HCRA. <\/p>\n","protected":false},"featured_media":182158,"template":"","meta":{"_acf_changed":false},"product_brand":[],"product_cat":[89,80],"product_tag":[],"class_list":{"0":"post-181150","1":"product","2":"type-product","3":"status-publish","4":"has-post-thumbnail","6":"product_cat-construction-fr","7":"product_cat-non-classifiee","8":"course_group-construction-fr","9":"course_group-home-construction-regulatory-authority-courses-exams-fr","11":"first","12":"instock","13":"shipping-taxable","14":"purchasable","15":"product-type-variable"},"acf":[],"yoast_head":"<!-- This site is optimized with the Yoast SEO plugin v27.4 - https:\/\/yoast.com\/product\/yoast-seo-wordpress\/ -->\n<title>HCRA : Codes de construction en Ontario - Corporate Training - Algonquin College<\/title>\n<meta name=\"robots\" content=\"noindex, follow\" \/>\n<meta property=\"og:locale\" content=\"fr_FR\" \/>\n<meta property=\"og:type\" content=\"article\" \/>\n<meta property=\"og:title\" content=\"HCRA : Codes de construction en Ontario - Corporate Training - Algonquin College\" \/>\n<meta property=\"og:description\" content=\"Apprenez \u00e0 conna\u00eetre le Code et la Loi sur le b\u00e2timent de l&#039;Ontario, et comment les appliquer dans votre travail quotidien. Le cours comprend l&#039;examen HCRA.\" \/>\n<meta property=\"og:url\" content=\"https:\/\/dev-corporate.algonquincollege.com\/fr\/produit\/hcra-codes-de-construction-en-ontario\/\" \/>\n<meta property=\"og:site_name\" content=\"Corporate Training - Algonquin College\" \/>\n<meta property=\"article:modified_time\" content=\"2023-12-16T04:09:26+00:00\" \/>\n<meta property=\"og:image\" content=\"https:\/\/dev-corporate.algonquincollege.com\/wp-content\/uploads\/2024\/04\/Building-Codes-in-Ontario.jpg\" \/>\n\t<meta property=\"og:image:width\" content=\"1400\" \/>\n\t<meta property=\"og:image:height\" content=\"800\" \/>\n\t<meta property=\"og:image:type\" content=\"image\/jpeg\" \/>\n<meta name=\"twitter:card\" content=\"summary_large_image\" \/>\n<meta name=\"twitter:label1\" content=\"Dur\u00e9e de lecture estim\u00e9e\" \/>\n\t<meta name=\"twitter:data1\" content=\"1 minute\" \/>\n<script type=\"application\/ld+json\" class=\"yoast-schema-graph\">{\"@context\":\"https:\\\/\\\/schema.org\",\"@graph\":[{\"@type\":\"WebPage\",\"@id\":\"https:\\\/\\\/dev-corporate.algonquincollege.com\\\/fr\\\/produit\\\/hcra-codes-de-construction-en-ontario\\\/\",\"url\":\"https:\\\/\\\/dev-corporate.algonquincollege.com\\\/fr\\\/produit\\\/hcra-codes-de-construction-en-ontario\\\/\",\"name\":\"HCRA : Codes de construction en Ontario - Corporate Training - Algonquin College\",\"isPartOf\":{\"@id\":\"https:\\\/\\\/dev-corporate.algonquincollege.com\\\/#website\"},\"primaryImageOfPage\":{\"@id\":\"https:\\\/\\\/dev-corporate.algonquincollege.com\\\/fr\\\/produit\\\/hcra-codes-de-construction-en-ontario\\\/#primaryimage\"},\"image\":{\"@id\":\"https:\\\/\\\/dev-corporate.algonquincollege.com\\\/fr\\\/produit\\\/hcra-codes-de-construction-en-ontario\\\/#primaryimage\"},\"thumbnailUrl\":\"https:\\\/\\\/dev-corporate.algonquincollege.com\\\/wp-content\\\/uploads\\\/2026\\\/03\\\/Building-Codes-in-Ontario.jpg\",\"datePublished\":\"2023-12-15T23:09:26+00:00\",\"dateModified\":\"2023-12-16T04:09:26+00:00\",\"breadcrumb\":{\"@id\":\"https:\\\/\\\/dev-corporate.algonquincollege.com\\\/fr\\\/produit\\\/hcra-codes-de-construction-en-ontario\\\/#breadcrumb\"},\"inLanguage\":\"fr-FR\",\"potentialAction\":[{\"@type\":\"ReadAction\",\"target\":[\"https:\\\/\\\/dev-corporate.algonquincollege.com\\\/fr\\\/produit\\\/hcra-codes-de-construction-en-ontario\\\/\"]}]},{\"@type\":\"ImageObject\",\"inLanguage\":\"fr-FR\",\"@id\":\"https:\\\/\\\/dev-corporate.algonquincollege.com\\\/fr\\\/produit\\\/hcra-codes-de-construction-en-ontario\\\/#primaryimage\",\"url\":\"https:\\\/\\\/dev-corporate.algonquincollege.com\\\/wp-content\\\/uploads\\\/2026\\\/03\\\/Building-Codes-in-Ontario.jpg\",\"contentUrl\":\"https:\\\/\\\/dev-corporate.algonquincollege.com\\\/wp-content\\\/uploads\\\/2026\\\/03\\\/Building-Codes-in-Ontario.jpg\",\"width\":1400,\"height\":800},{\"@type\":\"BreadcrumbList\",\"@id\":\"https:\\\/\\\/dev-corporate.algonquincollege.com\\\/fr\\\/produit\\\/hcra-codes-de-construction-en-ontario\\\/#breadcrumb\",\"itemListElement\":[{\"@type\":\"ListItem\",\"position\":1,\"name\":\"Home\",\"item\":\"https:\\\/\\\/dev-corporate.algonquincollege.com\\\/fr\\\/accueil\\\/\"},{\"@type\":\"ListItem\",\"position\":2,\"name\":\"Boutique\",\"item\":\"https:\\\/\\\/dev-corporate.algonquincollege.com\\\/fr\\\/boutique\\\/\"},{\"@type\":\"ListItem\",\"position\":3,\"name\":\"HCRA : Codes de construction en Ontario\"}]},{\"@type\":\"WebSite\",\"@id\":\"https:\\\/\\\/dev-corporate.algonquincollege.com\\\/#website\",\"url\":\"https:\\\/\\\/dev-corporate.algonquincollege.com\\\/\",\"name\":\"Corporate Training - Algonquin College\",\"description\":\"\",\"publisher\":{\"@id\":\"https:\\\/\\\/dev-corporate.algonquincollege.com\\\/#organization\"},\"potentialAction\":[{\"@type\":\"SearchAction\",\"target\":{\"@type\":\"EntryPoint\",\"urlTemplate\":\"https:\\\/\\\/dev-corporate.algonquincollege.com\\\/?s={search_term_string}\"},\"query-input\":{\"@type\":\"PropertyValueSpecification\",\"valueRequired\":true,\"valueName\":\"search_term_string\"}}],\"inLanguage\":\"fr-FR\"},{\"@type\":\"Organization\",\"@id\":\"https:\\\/\\\/dev-corporate.algonquincollege.com\\\/#organization\",\"name\":\"Corporate Training - Algonquin College\",\"url\":\"https:\\\/\\\/dev-corporate.algonquincollege.com\\\/\",\"logo\":{\"@type\":\"ImageObject\",\"inLanguage\":\"fr-FR\",\"@id\":\"https:\\\/\\\/dev-corporate.algonquincollege.com\\\/#\\\/schema\\\/logo\\\/image\\\/\",\"url\":\"https:\\\/\\\/dev-corporate.algonquincollege.com\\\/wp-content\\\/uploads\\\/2023\\\/10\\\/cropped-acct_logo.png\",\"contentUrl\":\"https:\\\/\\\/dev-corporate.algonquincollege.com\\\/wp-content\\\/uploads\\\/2023\\\/10\\\/cropped-acct_logo.png\",\"width\":300,\"height\":44,\"caption\":\"Corporate Training - Algonquin College\"},\"image\":{\"@id\":\"https:\\\/\\\/dev-corporate.algonquincollege.com\\\/#\\\/schema\\\/logo\\\/image\\\/\"}}]}<\/script>\n<!-- \/ Yoast SEO plugin. -->","yoast_head_json":{"title":"HCRA : Codes de construction en Ontario - Corporate Training - Algonquin College","robots":{"index":"noindex","follow":"follow"},"og_locale":"fr_FR","og_type":"article","og_title":"HCRA : Codes de construction en Ontario - Corporate Training - Algonquin College","og_description":"Apprenez \u00e0 conna\u00eetre le Code et la Loi sur le b\u00e2timent de l'Ontario, et comment les appliquer dans votre travail quotidien. Le cours comprend l'examen HCRA.","og_url":"https:\/\/dev-corporate.algonquincollege.com\/fr\/produit\/hcra-codes-de-construction-en-ontario\/","og_site_name":"Corporate Training - Algonquin College","article_modified_time":"2023-12-16T04:09:26+00:00","og_image":[{"width":1400,"height":800,"url":"https:\/\/dev-corporate.algonquincollege.com\/wp-content\/uploads\/2024\/04\/Building-Codes-in-Ontario.jpg","type":"image\/jpeg"}],"twitter_card":"summary_large_image","twitter_misc":{"Dur\u00e9e de lecture estim\u00e9e":"1 minute"},"schema":{"@context":"https:\/\/schema.org","@graph":[{"@type":"WebPage","@id":"https:\/\/dev-corporate.algonquincollege.com\/fr\/produit\/hcra-codes-de-construction-en-ontario\/","url":"https:\/\/dev-corporate.algonquincollege.com\/fr\/produit\/hcra-codes-de-construction-en-ontario\/","name":"HCRA : Codes de construction en Ontario - Corporate Training - Algonquin College","isPartOf":{"@id":"https:\/\/dev-corporate.algonquincollege.com\/#website"},"primaryImageOfPage":{"@id":"https:\/\/dev-corporate.algonquincollege.com\/fr\/produit\/hcra-codes-de-construction-en-ontario\/#primaryimage"},"image":{"@id":"https:\/\/dev-corporate.algonquincollege.com\/fr\/produit\/hcra-codes-de-construction-en-ontario\/#primaryimage"},"thumbnailUrl":"https:\/\/dev-corporate.algonquincollege.com\/wp-content\/uploads\/2026\/03\/Building-Codes-in-Ontario.jpg","datePublished":"2023-12-15T23:09:26+00:00","dateModified":"2023-12-16T04:09:26+00:00","breadcrumb":{"@id":"https:\/\/dev-corporate.algonquincollege.com\/fr\/produit\/hcra-codes-de-construction-en-ontario\/#breadcrumb"},"inLanguage":"fr-FR","potentialAction":[{"@type":"ReadAction","target":["https:\/\/dev-corporate.algonquincollege.com\/fr\/produit\/hcra-codes-de-construction-en-ontario\/"]}]},{"@type":"ImageObject","inLanguage":"fr-FR","@id":"https:\/\/dev-corporate.algonquincollege.com\/fr\/produit\/hcra-codes-de-construction-en-ontario\/#primaryimage","url":"https:\/\/dev-corporate.algonquincollege.com\/wp-content\/uploads\/2026\/03\/Building-Codes-in-Ontario.jpg","contentUrl":"https:\/\/dev-corporate.algonquincollege.com\/wp-content\/uploads\/2026\/03\/Building-Codes-in-Ontario.jpg","width":1400,"height":800},{"@type":"BreadcrumbList","@id":"https:\/\/dev-corporate.algonquincollege.com\/fr\/produit\/hcra-codes-de-construction-en-ontario\/#breadcrumb","itemListElement":[{"@type":"ListItem","position":1,"name":"Home","item":"https:\/\/dev-corporate.algonquincollege.com\/fr\/accueil\/"},{"@type":"ListItem","position":2,"name":"Boutique","item":"https:\/\/dev-corporate.algonquincollege.com\/fr\/boutique\/"},{"@type":"ListItem","position":3,"name":"HCRA : Codes de construction en Ontario"}]},{"@type":"WebSite","@id":"https:\/\/dev-corporate.algonquincollege.com\/#website","url":"https:\/\/dev-corporate.algonquincollege.com\/","name":"Corporate Training - Algonquin College","description":"","publisher":{"@id":"https:\/\/dev-corporate.algonquincollege.com\/#organization"},"potentialAction":[{"@type":"SearchAction","target":{"@type":"EntryPoint","urlTemplate":"https:\/\/dev-corporate.algonquincollege.com\/?s={search_term_string}"},"query-input":{"@type":"PropertyValueSpecification","valueRequired":true,"valueName":"search_term_string"}}],"inLanguage":"fr-FR"},{"@type":"Organization","@id":"https:\/\/dev-corporate.algonquincollege.com\/#organization","name":"Corporate Training - Algonquin College","url":"https:\/\/dev-corporate.algonquincollege.com\/","logo":{"@type":"ImageObject","inLanguage":"fr-FR","@id":"https:\/\/dev-corporate.algonquincollege.com\/#\/schema\/logo\/image\/","url":"https:\/\/dev-corporate.algonquincollege.com\/wp-content\/uploads\/2023\/10\/cropped-acct_logo.png","contentUrl":"https:\/\/dev-corporate.algonquincollege.com\/wp-content\/uploads\/2023\/10\/cropped-acct_logo.png","width":300,"height":44,"caption":"Corporate Training - Algonquin College"},"image":{"@id":"https:\/\/dev-corporate.algonquincollege.com\/#\/schema\/logo\/image\/"}}]}},"_links":{"self":[{"href":"https:\/\/dev-corporate.algonquincollege.com\/fr\/wp-json\/wp\/v2\/product\/181150","targetHints":{"allow":["GET"]}}],"collection":[{"href":"https:\/\/dev-corporate.algonquincollege.com\/fr\/wp-json\/wp\/v2\/product"}],"about":[{"href":"https:\/\/dev-corporate.algonquincollege.com\/fr\/wp-json\/wp\/v2\/types\/product"}],"wp:featuredmedia":[{"embeddable":true,"href":"https:\/\/dev-corporate.algonquincollege.com\/fr\/wp-json\/wp\/v2\/media\/182158"}],"wp:attachment":[{"href":"https:\/\/dev-corporate.algonquincollege.com\/fr\/wp-json\/wp\/v2\/media?parent=181150"}],"wp:term":[{"taxonomy":"product_brand","embeddable":true,"href":"https:\/\/dev-corporate.algonquincollege.com\/fr\/wp-json\/wp\/v2\/product_brand?post=181150"},{"taxonomy":"product_cat","embeddable":true,"href":"https:\/\/dev-corporate.algonquincollege.com\/fr\/wp-json\/wp\/v2\/product_cat?post=181150"},{"taxonomy":"product_tag","embeddable":true,"href":"https:\/\/dev-corporate.algonquincollege.com\/fr\/wp-json\/wp\/v2\/product_tag?post=181150"}],"curies":[{"name":"wp","href":"https:\/\/api.w.org\/{rel}","templated":true}]}}