{"id":181158,"date":"2023-12-15T18:08:41","date_gmt":"2023-12-15T23:08:41","guid":{"rendered":"https:\/\/dev-corporate.algonquincollege.com\/product\/hcra-technologie-de-la-construction\/"},"modified":"2023-12-15T23:08:41","modified_gmt":"2023-12-16T04:08:41","slug":"hcra-technologie-de-la-construction","status":"publish","type":"product","link":"https:\/\/dev-corporate.algonquincollege.com\/fr\/produit\/hcra-technologie-de-la-construction\/","title":{"rendered":"HCRA : Technologie de la construction"},"content":{"rendered":"<p>Cours approuv\u00e9 par l&rsquo;HCRA pour les constructeurs et les vendeurs de maisons<\/p>\n<p>Using a House as a System (HAAS) approach, students will learn about the components that make up a residential dwelling and how they interact. This course is essential for those wanting a better understanding of the science behind home construction. From the foundation to the roof and the elements in between, students will explore the \u201cwhy\u201d and the \u201cwhat\u201d to gain a holistic view of modern homebuilding.  <\/p>\n<h5>Les cours portent sur les sujets suivants<\/h5>\n<ul>\n<li>Science de la construction<\/li>\n<li>\u00c9l\u00e9ments de la qualit\u00e9 de l&rsquo;air int\u00e9rieur<\/li>\n<li>D\u00e9veloppement durable<\/li>\n<li>Enveloppe du b\u00e2timent<\/li>\n<li>Syst\u00e8mes m\u00e9caniques<\/li>\n<li>\u00c9l\u00e9ments de construction<\/li>\n<li>Lignes directrices en mati\u00e8re de performance de la construction<\/li>\n<\/ul>\n<h5>L&rsquo;examen :<\/h5>\n<p class=\"p1\">Si vous demandez votre licence HCRA, vous devez r\u00e9ussir l&rsquo;examen pour pouvoir d\u00e9poser votre demande. Cet examen \u00e0 livre ferm\u00e9 se pr\u00e9sente sous la forme de questions \u00e0 choix multiples, de questions vrai\/faux et de questions \u00e0 r\u00e9ponses multiples. L&rsquo;examen est disponible 24 heures sur 24, 7 jours sur 7, il n&rsquo;est pas n\u00e9cessaire de prendre rendez-vous et vous aurez acc\u00e8s \u00e0 l&rsquo;examen pendant 60 jours. Vous aurez trois (3) tentatives pour passer l&rsquo;examen. La note de passage est de 70 %.     VEUILLEZ NOTER : Il s&rsquo;agit d&rsquo;un examen difficile et un temps d&rsquo;\u00e9tude consid\u00e9rable est n\u00e9cessaire pour le r\u00e9ussir.<\/p>\n<p>If you wish to only take the HCRA Exam, the cost is $125 and <a href=\"https:\/\/dev-corporate.algonquincollege.com\/product\/hcra-competency-exam-construction-technology\/\">you can register here.<\/a><\/p>\n","protected":false},"excerpt":{"rendered":"<p>Apprenez \u00e0 conna\u00eetre les \u00e9l\u00e9ments qui composent un logement r\u00e9sidentiel et comment ils interagissent en utilisant l&rsquo;approche de la maison en tant que syst\u00e8me (HAAS). L&rsquo;examen HCRA est inclus dans le cours. <\/p>\n","protected":false},"featured_media":182164,"template":"","meta":{"_acf_changed":false},"product_brand":[],"product_cat":[89,80],"product_tag":[],"class_list":{"0":"post-181158","1":"product","2":"type-product","3":"status-publish","4":"has-post-thumbnail","6":"product_cat-construction-fr","7":"product_cat-non-classifiee","8":"course_group-construction-fr","9":"course_group-home-construction-regulatory-authority-courses-exams-fr","11":"first","12":"instock","13":"shipping-taxable","14":"purchasable","15":"product-type-variable"},"acf":[],"yoast_head":"<!-- This site is optimized with the Yoast SEO plugin v27.4 - https:\/\/yoast.com\/product\/yoast-seo-wordpress\/ -->\n<title>HCRA : Technologie de la construction - Corporate Training - Algonquin College<\/title>\n<meta name=\"robots\" content=\"noindex, follow\" \/>\n<meta property=\"og:locale\" content=\"fr_FR\" \/>\n<meta property=\"og:type\" content=\"article\" \/>\n<meta property=\"og:title\" content=\"HCRA : Technologie de la construction - Corporate Training - Algonquin College\" \/>\n<meta property=\"og:description\" content=\"Apprenez \u00e0 conna\u00eetre les \u00e9l\u00e9ments qui composent un logement r\u00e9sidentiel et comment ils interagissent en utilisant l&#039;approche de la maison en tant que syst\u00e8me (HAAS). L&#039;examen HCRA est inclus dans le cours.\" \/>\n<meta property=\"og:url\" content=\"https:\/\/dev-corporate.algonquincollege.com\/fr\/produit\/hcra-technologie-de-la-construction\/\" \/>\n<meta property=\"og:site_name\" content=\"Corporate Training - Algonquin College\" \/>\n<meta property=\"article:modified_time\" content=\"2023-12-16T04:08:41+00:00\" \/>\n<meta property=\"og:image\" content=\"https:\/\/dev-corporate.algonquincollege.com\/wp-content\/uploads\/2024\/04\/Construction-Technology.jpg\" \/>\n\t<meta property=\"og:image:width\" content=\"1400\" \/>\n\t<meta property=\"og:image:height\" content=\"800\" \/>\n\t<meta property=\"og:image:type\" content=\"image\/jpeg\" \/>\n<meta name=\"twitter:card\" content=\"summary_large_image\" \/>\n<meta name=\"twitter:label1\" content=\"Dur\u00e9e de lecture estim\u00e9e\" \/>\n\t<meta name=\"twitter:data1\" content=\"1 minute\" \/>\n<script type=\"application\/ld+json\" class=\"yoast-schema-graph\">{\"@context\":\"https:\\\/\\\/schema.org\",\"@graph\":[{\"@type\":\"WebPage\",\"@id\":\"https:\\\/\\\/dev-corporate.algonquincollege.com\\\/fr\\\/produit\\\/hcra-technologie-de-la-construction\\\/\",\"url\":\"https:\\\/\\\/dev-corporate.algonquincollege.com\\\/fr\\\/produit\\\/hcra-technologie-de-la-construction\\\/\",\"name\":\"HCRA : Technologie de la construction - Corporate Training - Algonquin College\",\"isPartOf\":{\"@id\":\"https:\\\/\\\/dev-corporate.algonquincollege.com\\\/#website\"},\"primaryImageOfPage\":{\"@id\":\"https:\\\/\\\/dev-corporate.algonquincollege.com\\\/fr\\\/produit\\\/hcra-technologie-de-la-construction\\\/#primaryimage\"},\"image\":{\"@id\":\"https:\\\/\\\/dev-corporate.algonquincollege.com\\\/fr\\\/produit\\\/hcra-technologie-de-la-construction\\\/#primaryimage\"},\"thumbnailUrl\":\"https:\\\/\\\/dev-corporate.algonquincollege.com\\\/wp-content\\\/uploads\\\/2026\\\/03\\\/Construction-Technology.jpg\",\"datePublished\":\"2023-12-15T23:08:41+00:00\",\"dateModified\":\"2023-12-16T04:08:41+00:00\",\"breadcrumb\":{\"@id\":\"https:\\\/\\\/dev-corporate.algonquincollege.com\\\/fr\\\/produit\\\/hcra-technologie-de-la-construction\\\/#breadcrumb\"},\"inLanguage\":\"fr-FR\",\"potentialAction\":[{\"@type\":\"ReadAction\",\"target\":[\"https:\\\/\\\/dev-corporate.algonquincollege.com\\\/fr\\\/produit\\\/hcra-technologie-de-la-construction\\\/\"]}]},{\"@type\":\"ImageObject\",\"inLanguage\":\"fr-FR\",\"@id\":\"https:\\\/\\\/dev-corporate.algonquincollege.com\\\/fr\\\/produit\\\/hcra-technologie-de-la-construction\\\/#primaryimage\",\"url\":\"https:\\\/\\\/dev-corporate.algonquincollege.com\\\/wp-content\\\/uploads\\\/2026\\\/03\\\/Construction-Technology.jpg\",\"contentUrl\":\"https:\\\/\\\/dev-corporate.algonquincollege.com\\\/wp-content\\\/uploads\\\/2026\\\/03\\\/Construction-Technology.jpg\",\"width\":1400,\"height\":800},{\"@type\":\"BreadcrumbList\",\"@id\":\"https:\\\/\\\/dev-corporate.algonquincollege.com\\\/fr\\\/produit\\\/hcra-technologie-de-la-construction\\\/#breadcrumb\",\"itemListElement\":[{\"@type\":\"ListItem\",\"position\":1,\"name\":\"Home\",\"item\":\"https:\\\/\\\/dev-corporate.algonquincollege.com\\\/fr\\\/accueil\\\/\"},{\"@type\":\"ListItem\",\"position\":2,\"name\":\"Boutique\",\"item\":\"https:\\\/\\\/dev-corporate.algonquincollege.com\\\/fr\\\/boutique\\\/\"},{\"@type\":\"ListItem\",\"position\":3,\"name\":\"HCRA : Technologie de la construction\"}]},{\"@type\":\"WebSite\",\"@id\":\"https:\\\/\\\/dev-corporate.algonquincollege.com\\\/#website\",\"url\":\"https:\\\/\\\/dev-corporate.algonquincollege.com\\\/\",\"name\":\"Corporate Training - Algonquin College\",\"description\":\"\",\"publisher\":{\"@id\":\"https:\\\/\\\/dev-corporate.algonquincollege.com\\\/#organization\"},\"potentialAction\":[{\"@type\":\"SearchAction\",\"target\":{\"@type\":\"EntryPoint\",\"urlTemplate\":\"https:\\\/\\\/dev-corporate.algonquincollege.com\\\/?s={search_term_string}\"},\"query-input\":{\"@type\":\"PropertyValueSpecification\",\"valueRequired\":true,\"valueName\":\"search_term_string\"}}],\"inLanguage\":\"fr-FR\"},{\"@type\":\"Organization\",\"@id\":\"https:\\\/\\\/dev-corporate.algonquincollege.com\\\/#organization\",\"name\":\"Corporate Training - Algonquin College\",\"url\":\"https:\\\/\\\/dev-corporate.algonquincollege.com\\\/\",\"logo\":{\"@type\":\"ImageObject\",\"inLanguage\":\"fr-FR\",\"@id\":\"https:\\\/\\\/dev-corporate.algonquincollege.com\\\/#\\\/schema\\\/logo\\\/image\\\/\",\"url\":\"https:\\\/\\\/dev-corporate.algonquincollege.com\\\/wp-content\\\/uploads\\\/2023\\\/10\\\/cropped-acct_logo.png\",\"contentUrl\":\"https:\\\/\\\/dev-corporate.algonquincollege.com\\\/wp-content\\\/uploads\\\/2023\\\/10\\\/cropped-acct_logo.png\",\"width\":300,\"height\":44,\"caption\":\"Corporate Training - Algonquin College\"},\"image\":{\"@id\":\"https:\\\/\\\/dev-corporate.algonquincollege.com\\\/#\\\/schema\\\/logo\\\/image\\\/\"}}]}<\/script>\n<!-- \/ Yoast SEO plugin. -->","yoast_head_json":{"title":"HCRA : Technologie de la construction - Corporate Training - Algonquin College","robots":{"index":"noindex","follow":"follow"},"og_locale":"fr_FR","og_type":"article","og_title":"HCRA : Technologie de la construction - Corporate Training - Algonquin College","og_description":"Apprenez \u00e0 conna\u00eetre les \u00e9l\u00e9ments qui composent un logement r\u00e9sidentiel et comment ils interagissent en utilisant l'approche de la maison en tant que syst\u00e8me (HAAS). L'examen HCRA est inclus dans le cours.","og_url":"https:\/\/dev-corporate.algonquincollege.com\/fr\/produit\/hcra-technologie-de-la-construction\/","og_site_name":"Corporate Training - Algonquin College","article_modified_time":"2023-12-16T04:08:41+00:00","og_image":[{"width":1400,"height":800,"url":"https:\/\/dev-corporate.algonquincollege.com\/wp-content\/uploads\/2024\/04\/Construction-Technology.jpg","type":"image\/jpeg"}],"twitter_card":"summary_large_image","twitter_misc":{"Dur\u00e9e de lecture estim\u00e9e":"1 minute"},"schema":{"@context":"https:\/\/schema.org","@graph":[{"@type":"WebPage","@id":"https:\/\/dev-corporate.algonquincollege.com\/fr\/produit\/hcra-technologie-de-la-construction\/","url":"https:\/\/dev-corporate.algonquincollege.com\/fr\/produit\/hcra-technologie-de-la-construction\/","name":"HCRA : Technologie de la construction - Corporate Training - Algonquin College","isPartOf":{"@id":"https:\/\/dev-corporate.algonquincollege.com\/#website"},"primaryImageOfPage":{"@id":"https:\/\/dev-corporate.algonquincollege.com\/fr\/produit\/hcra-technologie-de-la-construction\/#primaryimage"},"image":{"@id":"https:\/\/dev-corporate.algonquincollege.com\/fr\/produit\/hcra-technologie-de-la-construction\/#primaryimage"},"thumbnailUrl":"https:\/\/dev-corporate.algonquincollege.com\/wp-content\/uploads\/2026\/03\/Construction-Technology.jpg","datePublished":"2023-12-15T23:08:41+00:00","dateModified":"2023-12-16T04:08:41+00:00","breadcrumb":{"@id":"https:\/\/dev-corporate.algonquincollege.com\/fr\/produit\/hcra-technologie-de-la-construction\/#breadcrumb"},"inLanguage":"fr-FR","potentialAction":[{"@type":"ReadAction","target":["https:\/\/dev-corporate.algonquincollege.com\/fr\/produit\/hcra-technologie-de-la-construction\/"]}]},{"@type":"ImageObject","inLanguage":"fr-FR","@id":"https:\/\/dev-corporate.algonquincollege.com\/fr\/produit\/hcra-technologie-de-la-construction\/#primaryimage","url":"https:\/\/dev-corporate.algonquincollege.com\/wp-content\/uploads\/2026\/03\/Construction-Technology.jpg","contentUrl":"https:\/\/dev-corporate.algonquincollege.com\/wp-content\/uploads\/2026\/03\/Construction-Technology.jpg","width":1400,"height":800},{"@type":"BreadcrumbList","@id":"https:\/\/dev-corporate.algonquincollege.com\/fr\/produit\/hcra-technologie-de-la-construction\/#breadcrumb","itemListElement":[{"@type":"ListItem","position":1,"name":"Home","item":"https:\/\/dev-corporate.algonquincollege.com\/fr\/accueil\/"},{"@type":"ListItem","position":2,"name":"Boutique","item":"https:\/\/dev-corporate.algonquincollege.com\/fr\/boutique\/"},{"@type":"ListItem","position":3,"name":"HCRA : Technologie de la construction"}]},{"@type":"WebSite","@id":"https:\/\/dev-corporate.algonquincollege.com\/#website","url":"https:\/\/dev-corporate.algonquincollege.com\/","name":"Corporate Training - Algonquin College","description":"","publisher":{"@id":"https:\/\/dev-corporate.algonquincollege.com\/#organization"},"potentialAction":[{"@type":"SearchAction","target":{"@type":"EntryPoint","urlTemplate":"https:\/\/dev-corporate.algonquincollege.com\/?s={search_term_string}"},"query-input":{"@type":"PropertyValueSpecification","valueRequired":true,"valueName":"search_term_string"}}],"inLanguage":"fr-FR"},{"@type":"Organization","@id":"https:\/\/dev-corporate.algonquincollege.com\/#organization","name":"Corporate Training - Algonquin College","url":"https:\/\/dev-corporate.algonquincollege.com\/","logo":{"@type":"ImageObject","inLanguage":"fr-FR","@id":"https:\/\/dev-corporate.algonquincollege.com\/#\/schema\/logo\/image\/","url":"https:\/\/dev-corporate.algonquincollege.com\/wp-content\/uploads\/2023\/10\/cropped-acct_logo.png","contentUrl":"https:\/\/dev-corporate.algonquincollege.com\/wp-content\/uploads\/2023\/10\/cropped-acct_logo.png","width":300,"height":44,"caption":"Corporate Training - Algonquin College"},"image":{"@id":"https:\/\/dev-corporate.algonquincollege.com\/#\/schema\/logo\/image\/"}}]}},"_links":{"self":[{"href":"https:\/\/dev-corporate.algonquincollege.com\/fr\/wp-json\/wp\/v2\/product\/181158","targetHints":{"allow":["GET"]}}],"collection":[{"href":"https:\/\/dev-corporate.algonquincollege.com\/fr\/wp-json\/wp\/v2\/product"}],"about":[{"href":"https:\/\/dev-corporate.algonquincollege.com\/fr\/wp-json\/wp\/v2\/types\/product"}],"wp:featuredmedia":[{"embeddable":true,"href":"https:\/\/dev-corporate.algonquincollege.com\/fr\/wp-json\/wp\/v2\/media\/182164"}],"wp:attachment":[{"href":"https:\/\/dev-corporate.algonquincollege.com\/fr\/wp-json\/wp\/v2\/media?parent=181158"}],"wp:term":[{"taxonomy":"product_brand","embeddable":true,"href":"https:\/\/dev-corporate.algonquincollege.com\/fr\/wp-json\/wp\/v2\/product_brand?post=181158"},{"taxonomy":"product_cat","embeddable":true,"href":"https:\/\/dev-corporate.algonquincollege.com\/fr\/wp-json\/wp\/v2\/product_cat?post=181158"},{"taxonomy":"product_tag","embeddable":true,"href":"https:\/\/dev-corporate.algonquincollege.com\/fr\/wp-json\/wp\/v2\/product_tag?post=181158"}],"curies":[{"name":"wp","href":"https:\/\/api.w.org\/{rel}","templated":true}]}}