{"id":181563,"date":"2023-12-15T23:09:10","date_gmt":"2023-12-15T23:09:10","guid":{"rendered":"https:\/\/dev-corporate.algonquincollege.com\/product\/m2-cisrm-certified-information-systems-risk-manager-gestionnaire-certifie-des-risques-lies-aux-systemes-dinformation\/"},"modified":"2025-11-20T19:42:13","modified_gmt":"2025-11-21T00:42:13","slug":"m2-cisrm-certified-information-systems-risk-manager-gestionnaire-certifie-des-risques-lies-aux-systemes-dinformation","status":"publish","type":"product","link":"https:\/\/dev-corporate.algonquincollege.com\/fr\/produit\/m2-cisrm-certified-information-systems-risk-manager-gestionnaire-certifie-des-risques-lies-aux-systemes-dinformation\/","title":{"rendered":"M2 CISRM : Certified Information Systems Risk Manager (gestionnaire certifi\u00e9 des risques li\u00e9s aux syst\u00e8mes d&rsquo;information)"},"content":{"rendered":"<p>This Certified Information Systems Risk Manager training will enable professionals to elevate their understanding in identifying and evaluating entity-specific risk but also aid them in assessing risks associated with enterprise business objectives by equipping the practitioner to design, implement, monitor and maintain risk-based, efficient and effective IS controls.<\/p>\n<p>The Certified Information Systems Risk Manager covers 5 critical subjects; Risk Identification Assessment and Evaluation, Risk Response, Risk Monitoring, IS Control Design and Implementation and IS Control Monitoring &amp; Maintenance.<\/p>\n<p>Upon completion, Certified Information Systems Risk Manager students will be prepared to pass the CISRM exam. In addition, the candidate will be competent to implement risk management best practices and Federal standards. Students will enjoy an in-depth course that is continuously updated to maintain and incorporate the ever-changing security and risk environment.  <\/p>\n","protected":false},"excerpt":{"rendered":"<p>Apprenez \u00e0 concevoir, \u00e0 mettre en \u0153uvre, \u00e0 surveiller et \u00e0 maintenir des contr\u00f4les des syst\u00e8mes d&rsquo;information efficaces et efficients, fond\u00e9s sur les risques.<\/p>\n","protected":false},"featured_media":73260,"template":"","meta":{"_acf_changed":false},"product_brand":[],"product_cat":[117,80],"product_tag":[],"class_list":{"0":"post-181563","1":"product","2":"type-product","3":"status-publish","4":"has-post-thumbnail","6":"product_cat-it-cybersecurity-fr","7":"product_cat-non-classifiee","8":"course_group-it-cybersecurity-fr","10":"first","11":"instock","12":"shipping-taxable","13":"purchasable","14":"product-type-variable"},"acf":[],"yoast_head":"<!-- This site is optimized with the Yoast SEO plugin v27.4 - https:\/\/yoast.com\/product\/yoast-seo-wordpress\/ -->\n<title>M2 CISRM : Certified Information Systems Risk Manager (gestionnaire certifi\u00e9 des risques li\u00e9s aux syst\u00e8mes d&#039;information) - Corporate Training - Algonquin College<\/title>\n<meta name=\"robots\" content=\"noindex, follow\" \/>\n<meta property=\"og:locale\" content=\"fr_FR\" \/>\n<meta property=\"og:type\" content=\"article\" \/>\n<meta property=\"og:title\" content=\"M2 CISRM : Certified Information Systems Risk Manager (gestionnaire certifi\u00e9 des risques li\u00e9s aux syst\u00e8mes d&#039;information) - Corporate Training - Algonquin College\" \/>\n<meta property=\"og:description\" content=\"Apprenez \u00e0 concevoir, \u00e0 mettre en \u0153uvre, \u00e0 surveiller et \u00e0 maintenir des contr\u00f4les des syst\u00e8mes d&#039;information efficaces et efficients, fond\u00e9s sur les risques.\" \/>\n<meta property=\"og:url\" content=\"https:\/\/dev-corporate.algonquincollege.com\/fr\/produit\/m2-cisrm-certified-information-systems-risk-manager-gestionnaire-certifie-des-risques-lies-aux-systemes-dinformation\/\" \/>\n<meta property=\"og:site_name\" content=\"Corporate Training - Algonquin College\" \/>\n<meta property=\"article:modified_time\" content=\"2025-11-21T00:42:13+00:00\" \/>\n<meta property=\"og:image\" content=\"https:\/\/dev-corporate.algonquincollege.com\/wp-content\/uploads\/2024\/04\/Certified-Information-Systems-Risk-Manager.jpg\" \/>\n\t<meta property=\"og:image:width\" content=\"1400\" \/>\n\t<meta property=\"og:image:height\" content=\"800\" \/>\n\t<meta property=\"og:image:type\" content=\"image\/jpeg\" \/>\n<meta name=\"twitter:card\" content=\"summary_large_image\" \/>\n<meta name=\"twitter:label1\" content=\"Dur\u00e9e de lecture estim\u00e9e\" \/>\n\t<meta name=\"twitter:data1\" content=\"1 minute\" \/>\n<script type=\"application\/ld+json\" class=\"yoast-schema-graph\">{\"@context\":\"https:\\\/\\\/schema.org\",\"@graph\":[{\"@type\":\"WebPage\",\"@id\":\"https:\\\/\\\/dev-corporate.algonquincollege.com\\\/fr\\\/produit\\\/m2-cisrm-certified-information-systems-risk-manager-gestionnaire-certifie-des-risques-lies-aux-systemes-dinformation\\\/\",\"url\":\"https:\\\/\\\/dev-corporate.algonquincollege.com\\\/fr\\\/produit\\\/m2-cisrm-certified-information-systems-risk-manager-gestionnaire-certifie-des-risques-lies-aux-systemes-dinformation\\\/\",\"name\":\"M2 CISRM : Certified Information Systems Risk Manager (gestionnaire certifi\u00e9 des risques li\u00e9s aux syst\u00e8mes d'information) - Corporate Training - Algonquin College\",\"isPartOf\":{\"@id\":\"https:\\\/\\\/dev-corporate.algonquincollege.com\\\/#website\"},\"primaryImageOfPage\":{\"@id\":\"https:\\\/\\\/dev-corporate.algonquincollege.com\\\/fr\\\/produit\\\/m2-cisrm-certified-information-systems-risk-manager-gestionnaire-certifie-des-risques-lies-aux-systemes-dinformation\\\/#primaryimage\"},\"image\":{\"@id\":\"https:\\\/\\\/dev-corporate.algonquincollege.com\\\/fr\\\/produit\\\/m2-cisrm-certified-information-systems-risk-manager-gestionnaire-certifie-des-risques-lies-aux-systemes-dinformation\\\/#primaryimage\"},\"thumbnailUrl\":\"https:\\\/\\\/dev-corporate.algonquincollege.com\\\/wp-content\\\/uploads\\\/2024\\\/04\\\/Certified-Information-Systems-Risk-Manager.jpg\",\"datePublished\":\"2023-12-15T23:09:10+00:00\",\"dateModified\":\"2025-11-21T00:42:13+00:00\",\"breadcrumb\":{\"@id\":\"https:\\\/\\\/dev-corporate.algonquincollege.com\\\/fr\\\/produit\\\/m2-cisrm-certified-information-systems-risk-manager-gestionnaire-certifie-des-risques-lies-aux-systemes-dinformation\\\/#breadcrumb\"},\"inLanguage\":\"fr-FR\",\"potentialAction\":[{\"@type\":\"ReadAction\",\"target\":[\"https:\\\/\\\/dev-corporate.algonquincollege.com\\\/fr\\\/produit\\\/m2-cisrm-certified-information-systems-risk-manager-gestionnaire-certifie-des-risques-lies-aux-systemes-dinformation\\\/\"]}]},{\"@type\":\"ImageObject\",\"inLanguage\":\"fr-FR\",\"@id\":\"https:\\\/\\\/dev-corporate.algonquincollege.com\\\/fr\\\/produit\\\/m2-cisrm-certified-information-systems-risk-manager-gestionnaire-certifie-des-risques-lies-aux-systemes-dinformation\\\/#primaryimage\",\"url\":\"https:\\\/\\\/dev-corporate.algonquincollege.com\\\/wp-content\\\/uploads\\\/2024\\\/04\\\/Certified-Information-Systems-Risk-Manager.jpg\",\"contentUrl\":\"https:\\\/\\\/dev-corporate.algonquincollege.com\\\/wp-content\\\/uploads\\\/2024\\\/04\\\/Certified-Information-Systems-Risk-Manager.jpg\",\"width\":1400,\"height\":800,\"caption\":\"A professional woman working on a laptop.\"},{\"@type\":\"BreadcrumbList\",\"@id\":\"https:\\\/\\\/dev-corporate.algonquincollege.com\\\/fr\\\/produit\\\/m2-cisrm-certified-information-systems-risk-manager-gestionnaire-certifie-des-risques-lies-aux-systemes-dinformation\\\/#breadcrumb\",\"itemListElement\":[{\"@type\":\"ListItem\",\"position\":1,\"name\":\"Home\",\"item\":\"https:\\\/\\\/dev-corporate.algonquincollege.com\\\/fr\\\/accueil\\\/\"},{\"@type\":\"ListItem\",\"position\":2,\"name\":\"Boutique\",\"item\":\"https:\\\/\\\/dev-corporate.algonquincollege.com\\\/fr\\\/boutique\\\/\"},{\"@type\":\"ListItem\",\"position\":3,\"name\":\"M2 CISRM : Certified Information Systems Risk Manager (gestionnaire certifi\u00e9 des risques li\u00e9s aux syst\u00e8mes d&#8217;information)\"}]},{\"@type\":\"WebSite\",\"@id\":\"https:\\\/\\\/dev-corporate.algonquincollege.com\\\/#website\",\"url\":\"https:\\\/\\\/dev-corporate.algonquincollege.com\\\/\",\"name\":\"Corporate Training - Algonquin College\",\"description\":\"\",\"publisher\":{\"@id\":\"https:\\\/\\\/dev-corporate.algonquincollege.com\\\/#organization\"},\"potentialAction\":[{\"@type\":\"SearchAction\",\"target\":{\"@type\":\"EntryPoint\",\"urlTemplate\":\"https:\\\/\\\/dev-corporate.algonquincollege.com\\\/?s={search_term_string}\"},\"query-input\":{\"@type\":\"PropertyValueSpecification\",\"valueRequired\":true,\"valueName\":\"search_term_string\"}}],\"inLanguage\":\"fr-FR\"},{\"@type\":\"Organization\",\"@id\":\"https:\\\/\\\/dev-corporate.algonquincollege.com\\\/#organization\",\"name\":\"Corporate Training - Algonquin College\",\"url\":\"https:\\\/\\\/dev-corporate.algonquincollege.com\\\/\",\"logo\":{\"@type\":\"ImageObject\",\"inLanguage\":\"fr-FR\",\"@id\":\"https:\\\/\\\/dev-corporate.algonquincollege.com\\\/#\\\/schema\\\/logo\\\/image\\\/\",\"url\":\"https:\\\/\\\/dev-corporate.algonquincollege.com\\\/wp-content\\\/uploads\\\/2023\\\/10\\\/cropped-acct_logo.png\",\"contentUrl\":\"https:\\\/\\\/dev-corporate.algonquincollege.com\\\/wp-content\\\/uploads\\\/2023\\\/10\\\/cropped-acct_logo.png\",\"width\":300,\"height\":44,\"caption\":\"Corporate Training - Algonquin College\"},\"image\":{\"@id\":\"https:\\\/\\\/dev-corporate.algonquincollege.com\\\/#\\\/schema\\\/logo\\\/image\\\/\"}}]}<\/script>\n<!-- \/ Yoast SEO plugin. -->","yoast_head_json":{"title":"M2 CISRM : Certified Information Systems Risk Manager (gestionnaire certifi\u00e9 des risques li\u00e9s aux syst\u00e8mes d'information) - Corporate Training - Algonquin College","robots":{"index":"noindex","follow":"follow"},"og_locale":"fr_FR","og_type":"article","og_title":"M2 CISRM : Certified Information Systems Risk Manager (gestionnaire certifi\u00e9 des risques li\u00e9s aux syst\u00e8mes d'information) - Corporate Training - Algonquin College","og_description":"Apprenez \u00e0 concevoir, \u00e0 mettre en \u0153uvre, \u00e0 surveiller et \u00e0 maintenir des contr\u00f4les des syst\u00e8mes d'information efficaces et efficients, fond\u00e9s sur les risques.","og_url":"https:\/\/dev-corporate.algonquincollege.com\/fr\/produit\/m2-cisrm-certified-information-systems-risk-manager-gestionnaire-certifie-des-risques-lies-aux-systemes-dinformation\/","og_site_name":"Corporate Training - Algonquin College","article_modified_time":"2025-11-21T00:42:13+00:00","og_image":[{"width":1400,"height":800,"url":"https:\/\/dev-corporate.algonquincollege.com\/wp-content\/uploads\/2024\/04\/Certified-Information-Systems-Risk-Manager.jpg","type":"image\/jpeg"}],"twitter_card":"summary_large_image","twitter_misc":{"Dur\u00e9e de lecture estim\u00e9e":"1 minute"},"schema":{"@context":"https:\/\/schema.org","@graph":[{"@type":"WebPage","@id":"https:\/\/dev-corporate.algonquincollege.com\/fr\/produit\/m2-cisrm-certified-information-systems-risk-manager-gestionnaire-certifie-des-risques-lies-aux-systemes-dinformation\/","url":"https:\/\/dev-corporate.algonquincollege.com\/fr\/produit\/m2-cisrm-certified-information-systems-risk-manager-gestionnaire-certifie-des-risques-lies-aux-systemes-dinformation\/","name":"M2 CISRM : Certified Information Systems Risk Manager (gestionnaire certifi\u00e9 des risques li\u00e9s aux syst\u00e8mes d'information) - Corporate Training - Algonquin College","isPartOf":{"@id":"https:\/\/dev-corporate.algonquincollege.com\/#website"},"primaryImageOfPage":{"@id":"https:\/\/dev-corporate.algonquincollege.com\/fr\/produit\/m2-cisrm-certified-information-systems-risk-manager-gestionnaire-certifie-des-risques-lies-aux-systemes-dinformation\/#primaryimage"},"image":{"@id":"https:\/\/dev-corporate.algonquincollege.com\/fr\/produit\/m2-cisrm-certified-information-systems-risk-manager-gestionnaire-certifie-des-risques-lies-aux-systemes-dinformation\/#primaryimage"},"thumbnailUrl":"https:\/\/dev-corporate.algonquincollege.com\/wp-content\/uploads\/2024\/04\/Certified-Information-Systems-Risk-Manager.jpg","datePublished":"2023-12-15T23:09:10+00:00","dateModified":"2025-11-21T00:42:13+00:00","breadcrumb":{"@id":"https:\/\/dev-corporate.algonquincollege.com\/fr\/produit\/m2-cisrm-certified-information-systems-risk-manager-gestionnaire-certifie-des-risques-lies-aux-systemes-dinformation\/#breadcrumb"},"inLanguage":"fr-FR","potentialAction":[{"@type":"ReadAction","target":["https:\/\/dev-corporate.algonquincollege.com\/fr\/produit\/m2-cisrm-certified-information-systems-risk-manager-gestionnaire-certifie-des-risques-lies-aux-systemes-dinformation\/"]}]},{"@type":"ImageObject","inLanguage":"fr-FR","@id":"https:\/\/dev-corporate.algonquincollege.com\/fr\/produit\/m2-cisrm-certified-information-systems-risk-manager-gestionnaire-certifie-des-risques-lies-aux-systemes-dinformation\/#primaryimage","url":"https:\/\/dev-corporate.algonquincollege.com\/wp-content\/uploads\/2024\/04\/Certified-Information-Systems-Risk-Manager.jpg","contentUrl":"https:\/\/dev-corporate.algonquincollege.com\/wp-content\/uploads\/2024\/04\/Certified-Information-Systems-Risk-Manager.jpg","width":1400,"height":800,"caption":"A professional woman working on a laptop."},{"@type":"BreadcrumbList","@id":"https:\/\/dev-corporate.algonquincollege.com\/fr\/produit\/m2-cisrm-certified-information-systems-risk-manager-gestionnaire-certifie-des-risques-lies-aux-systemes-dinformation\/#breadcrumb","itemListElement":[{"@type":"ListItem","position":1,"name":"Home","item":"https:\/\/dev-corporate.algonquincollege.com\/fr\/accueil\/"},{"@type":"ListItem","position":2,"name":"Boutique","item":"https:\/\/dev-corporate.algonquincollege.com\/fr\/boutique\/"},{"@type":"ListItem","position":3,"name":"M2 CISRM : Certified Information Systems Risk Manager (gestionnaire certifi\u00e9 des risques li\u00e9s aux syst\u00e8mes d&#8217;information)"}]},{"@type":"WebSite","@id":"https:\/\/dev-corporate.algonquincollege.com\/#website","url":"https:\/\/dev-corporate.algonquincollege.com\/","name":"Corporate Training - Algonquin College","description":"","publisher":{"@id":"https:\/\/dev-corporate.algonquincollege.com\/#organization"},"potentialAction":[{"@type":"SearchAction","target":{"@type":"EntryPoint","urlTemplate":"https:\/\/dev-corporate.algonquincollege.com\/?s={search_term_string}"},"query-input":{"@type":"PropertyValueSpecification","valueRequired":true,"valueName":"search_term_string"}}],"inLanguage":"fr-FR"},{"@type":"Organization","@id":"https:\/\/dev-corporate.algonquincollege.com\/#organization","name":"Corporate Training - Algonquin College","url":"https:\/\/dev-corporate.algonquincollege.com\/","logo":{"@type":"ImageObject","inLanguage":"fr-FR","@id":"https:\/\/dev-corporate.algonquincollege.com\/#\/schema\/logo\/image\/","url":"https:\/\/dev-corporate.algonquincollege.com\/wp-content\/uploads\/2023\/10\/cropped-acct_logo.png","contentUrl":"https:\/\/dev-corporate.algonquincollege.com\/wp-content\/uploads\/2023\/10\/cropped-acct_logo.png","width":300,"height":44,"caption":"Corporate Training - Algonquin College"},"image":{"@id":"https:\/\/dev-corporate.algonquincollege.com\/#\/schema\/logo\/image\/"}}]}},"_links":{"self":[{"href":"https:\/\/dev-corporate.algonquincollege.com\/fr\/wp-json\/wp\/v2\/product\/181563","targetHints":{"allow":["GET"]}}],"collection":[{"href":"https:\/\/dev-corporate.algonquincollege.com\/fr\/wp-json\/wp\/v2\/product"}],"about":[{"href":"https:\/\/dev-corporate.algonquincollege.com\/fr\/wp-json\/wp\/v2\/types\/product"}],"wp:featuredmedia":[{"embeddable":true,"href":"https:\/\/dev-corporate.algonquincollege.com\/fr\/wp-json\/wp\/v2\/media\/73260"}],"wp:attachment":[{"href":"https:\/\/dev-corporate.algonquincollege.com\/fr\/wp-json\/wp\/v2\/media?parent=181563"}],"wp:term":[{"taxonomy":"product_brand","embeddable":true,"href":"https:\/\/dev-corporate.algonquincollege.com\/fr\/wp-json\/wp\/v2\/product_brand?post=181563"},{"taxonomy":"product_cat","embeddable":true,"href":"https:\/\/dev-corporate.algonquincollege.com\/fr\/wp-json\/wp\/v2\/product_cat?post=181563"},{"taxonomy":"product_tag","embeddable":true,"href":"https:\/\/dev-corporate.algonquincollege.com\/fr\/wp-json\/wp\/v2\/product_tag?post=181563"}],"curies":[{"name":"wp","href":"https:\/\/api.w.org\/{rel}","templated":true}]}}