{"id":181566,"date":"2023-12-15T23:09:09","date_gmt":"2023-12-15T23:09:09","guid":{"rendered":"https:\/\/dev-corporate.algonquincollege.com\/product\/m2-cihe-ingenieur-certifie-en-traitement-des-incidents\/"},"modified":"2025-11-20T19:42:14","modified_gmt":"2025-11-21T00:42:14","slug":"m2-cihe-ingenieur-certifie-en-traitement-des-incidents","status":"publish","type":"product","link":"https:\/\/dev-corporate.algonquincollege.com\/fr\/produit\/m2-cihe-ingenieur-certifie-en-traitement-des-incidents\/","title":{"rendered":"M2 CIHE : Ing\u00e9nieur certifi\u00e9 en traitement des incidents"},"content":{"rendered":"<p>The Certified Incident Handling Engineer vendor neutral certification is designed to help Incident Handlers, System Administrators, and any General Security Engineers understand how to plan, create and utilize their systems in order to prevent, detect and respond to attacks.<\/p>\n<p>In this in-depth training, students will learn step-by-step approaches used by hackers globally, the latest attack vectors and how to safeguard against them, Incident Handling procedures (including developing the process from start to finish and establishing your Incident Handling team), strategies for each type of attack, recovering from attacks and much more.mnm<\/p>\n<p>Furthermore, students will enjoy numerous hands-on laboratory exercises that focus on topics, such as reconnaissance, vulnerability assessments using Nessus, network sniffing, web application manipulation, malware and using Netcat plus several additional scenarios for both Windows and Linux systems.nn<\/p>\n<p>&nbsp;<\/p>\n","protected":false},"excerpt":{"rendered":"<p>Comprendre comment planifier, cr\u00e9er et utiliser leurs syst\u00e8mes afin de pr\u00e9venir et de d\u00e9tecter les cyberattaques et d&rsquo;y r\u00e9pondre.<\/p>\n","protected":false},"featured_media":73259,"template":"","meta":{"_acf_changed":false},"product_brand":[],"product_cat":[117,80],"product_tag":[],"class_list":{"0":"post-181566","1":"product","2":"type-product","3":"status-publish","4":"has-post-thumbnail","6":"product_cat-it-cybersecurity-fr","7":"product_cat-non-classifiee","8":"course_group-it-cybersecurity-fr","10":"first","11":"instock","12":"shipping-taxable","13":"purchasable","14":"product-type-variable"},"acf":[],"yoast_head":"<!-- This site is optimized with the Yoast SEO plugin v27.4 - https:\/\/yoast.com\/product\/yoast-seo-wordpress\/ -->\n<title>M2 CIHE : Ing\u00e9nieur certifi\u00e9 en traitement des incidents - Corporate Training - Algonquin College<\/title>\n<meta name=\"robots\" content=\"noindex, follow\" \/>\n<meta property=\"og:locale\" content=\"fr_FR\" \/>\n<meta property=\"og:type\" content=\"article\" \/>\n<meta property=\"og:title\" content=\"M2 CIHE : Ing\u00e9nieur certifi\u00e9 en traitement des incidents - Corporate Training - Algonquin College\" \/>\n<meta property=\"og:description\" content=\"Comprendre comment planifier, cr\u00e9er et utiliser leurs syst\u00e8mes afin de pr\u00e9venir et de d\u00e9tecter les cyberattaques et d&#039;y r\u00e9pondre.\" \/>\n<meta property=\"og:url\" content=\"https:\/\/dev-corporate.algonquincollege.com\/fr\/produit\/m2-cihe-ingenieur-certifie-en-traitement-des-incidents\/\" \/>\n<meta property=\"og:site_name\" content=\"Corporate Training - Algonquin College\" \/>\n<meta property=\"article:modified_time\" content=\"2025-11-21T00:42:14+00:00\" \/>\n<meta property=\"og:image\" content=\"https:\/\/dev-corporate.algonquincollege.com\/wp-content\/uploads\/2024\/04\/Certified-Incident-Handling-Engineer.jpg\" \/>\n\t<meta property=\"og:image:width\" content=\"1400\" \/>\n\t<meta property=\"og:image:height\" content=\"800\" \/>\n\t<meta property=\"og:image:type\" content=\"image\/jpeg\" \/>\n<meta name=\"twitter:card\" content=\"summary_large_image\" \/>\n<meta name=\"twitter:label1\" content=\"Dur\u00e9e de lecture estim\u00e9e\" \/>\n\t<meta name=\"twitter:data1\" content=\"1 minute\" \/>\n<script type=\"application\/ld+json\" class=\"yoast-schema-graph\">{\"@context\":\"https:\\\/\\\/schema.org\",\"@graph\":[{\"@type\":\"WebPage\",\"@id\":\"https:\\\/\\\/dev-corporate.algonquincollege.com\\\/fr\\\/produit\\\/m2-cihe-ingenieur-certifie-en-traitement-des-incidents\\\/\",\"url\":\"https:\\\/\\\/dev-corporate.algonquincollege.com\\\/fr\\\/produit\\\/m2-cihe-ingenieur-certifie-en-traitement-des-incidents\\\/\",\"name\":\"M2 CIHE : Ing\u00e9nieur certifi\u00e9 en traitement des incidents - Corporate Training - Algonquin College\",\"isPartOf\":{\"@id\":\"https:\\\/\\\/dev-corporate.algonquincollege.com\\\/#website\"},\"primaryImageOfPage\":{\"@id\":\"https:\\\/\\\/dev-corporate.algonquincollege.com\\\/fr\\\/produit\\\/m2-cihe-ingenieur-certifie-en-traitement-des-incidents\\\/#primaryimage\"},\"image\":{\"@id\":\"https:\\\/\\\/dev-corporate.algonquincollege.com\\\/fr\\\/produit\\\/m2-cihe-ingenieur-certifie-en-traitement-des-incidents\\\/#primaryimage\"},\"thumbnailUrl\":\"https:\\\/\\\/dev-corporate.algonquincollege.com\\\/wp-content\\\/uploads\\\/2024\\\/04\\\/Certified-Incident-Handling-Engineer.jpg\",\"datePublished\":\"2023-12-15T23:09:09+00:00\",\"dateModified\":\"2025-11-21T00:42:14+00:00\",\"breadcrumb\":{\"@id\":\"https:\\\/\\\/dev-corporate.algonquincollege.com\\\/fr\\\/produit\\\/m2-cihe-ingenieur-certifie-en-traitement-des-incidents\\\/#breadcrumb\"},\"inLanguage\":\"fr-FR\",\"potentialAction\":[{\"@type\":\"ReadAction\",\"target\":[\"https:\\\/\\\/dev-corporate.algonquincollege.com\\\/fr\\\/produit\\\/m2-cihe-ingenieur-certifie-en-traitement-des-incidents\\\/\"]}]},{\"@type\":\"ImageObject\",\"inLanguage\":\"fr-FR\",\"@id\":\"https:\\\/\\\/dev-corporate.algonquincollege.com\\\/fr\\\/produit\\\/m2-cihe-ingenieur-certifie-en-traitement-des-incidents\\\/#primaryimage\",\"url\":\"https:\\\/\\\/dev-corporate.algonquincollege.com\\\/wp-content\\\/uploads\\\/2024\\\/04\\\/Certified-Incident-Handling-Engineer.jpg\",\"contentUrl\":\"https:\\\/\\\/dev-corporate.algonquincollege.com\\\/wp-content\\\/uploads\\\/2024\\\/04\\\/Certified-Incident-Handling-Engineer.jpg\",\"width\":1400,\"height\":800,\"caption\":\"A woman sitting at a desk, working on a computer.\"},{\"@type\":\"BreadcrumbList\",\"@id\":\"https:\\\/\\\/dev-corporate.algonquincollege.com\\\/fr\\\/produit\\\/m2-cihe-ingenieur-certifie-en-traitement-des-incidents\\\/#breadcrumb\",\"itemListElement\":[{\"@type\":\"ListItem\",\"position\":1,\"name\":\"Home\",\"item\":\"https:\\\/\\\/dev-corporate.algonquincollege.com\\\/fr\\\/accueil\\\/\"},{\"@type\":\"ListItem\",\"position\":2,\"name\":\"Boutique\",\"item\":\"https:\\\/\\\/dev-corporate.algonquincollege.com\\\/fr\\\/boutique\\\/\"},{\"@type\":\"ListItem\",\"position\":3,\"name\":\"M2 CIHE : Ing\u00e9nieur certifi\u00e9 en traitement des incidents\"}]},{\"@type\":\"WebSite\",\"@id\":\"https:\\\/\\\/dev-corporate.algonquincollege.com\\\/#website\",\"url\":\"https:\\\/\\\/dev-corporate.algonquincollege.com\\\/\",\"name\":\"Corporate Training - Algonquin College\",\"description\":\"\",\"publisher\":{\"@id\":\"https:\\\/\\\/dev-corporate.algonquincollege.com\\\/#organization\"},\"potentialAction\":[{\"@type\":\"SearchAction\",\"target\":{\"@type\":\"EntryPoint\",\"urlTemplate\":\"https:\\\/\\\/dev-corporate.algonquincollege.com\\\/?s={search_term_string}\"},\"query-input\":{\"@type\":\"PropertyValueSpecification\",\"valueRequired\":true,\"valueName\":\"search_term_string\"}}],\"inLanguage\":\"fr-FR\"},{\"@type\":\"Organization\",\"@id\":\"https:\\\/\\\/dev-corporate.algonquincollege.com\\\/#organization\",\"name\":\"Corporate Training - Algonquin College\",\"url\":\"https:\\\/\\\/dev-corporate.algonquincollege.com\\\/\",\"logo\":{\"@type\":\"ImageObject\",\"inLanguage\":\"fr-FR\",\"@id\":\"https:\\\/\\\/dev-corporate.algonquincollege.com\\\/#\\\/schema\\\/logo\\\/image\\\/\",\"url\":\"https:\\\/\\\/dev-corporate.algonquincollege.com\\\/wp-content\\\/uploads\\\/2023\\\/10\\\/cropped-acct_logo.png\",\"contentUrl\":\"https:\\\/\\\/dev-corporate.algonquincollege.com\\\/wp-content\\\/uploads\\\/2023\\\/10\\\/cropped-acct_logo.png\",\"width\":300,\"height\":44,\"caption\":\"Corporate Training - Algonquin College\"},\"image\":{\"@id\":\"https:\\\/\\\/dev-corporate.algonquincollege.com\\\/#\\\/schema\\\/logo\\\/image\\\/\"}}]}<\/script>\n<!-- \/ Yoast SEO plugin. -->","yoast_head_json":{"title":"M2 CIHE : Ing\u00e9nieur certifi\u00e9 en traitement des incidents - Corporate Training - Algonquin College","robots":{"index":"noindex","follow":"follow"},"og_locale":"fr_FR","og_type":"article","og_title":"M2 CIHE : Ing\u00e9nieur certifi\u00e9 en traitement des incidents - Corporate Training - Algonquin College","og_description":"Comprendre comment planifier, cr\u00e9er et utiliser leurs syst\u00e8mes afin de pr\u00e9venir et de d\u00e9tecter les cyberattaques et d'y r\u00e9pondre.","og_url":"https:\/\/dev-corporate.algonquincollege.com\/fr\/produit\/m2-cihe-ingenieur-certifie-en-traitement-des-incidents\/","og_site_name":"Corporate Training - Algonquin College","article_modified_time":"2025-11-21T00:42:14+00:00","og_image":[{"width":1400,"height":800,"url":"https:\/\/dev-corporate.algonquincollege.com\/wp-content\/uploads\/2024\/04\/Certified-Incident-Handling-Engineer.jpg","type":"image\/jpeg"}],"twitter_card":"summary_large_image","twitter_misc":{"Dur\u00e9e de lecture estim\u00e9e":"1 minute"},"schema":{"@context":"https:\/\/schema.org","@graph":[{"@type":"WebPage","@id":"https:\/\/dev-corporate.algonquincollege.com\/fr\/produit\/m2-cihe-ingenieur-certifie-en-traitement-des-incidents\/","url":"https:\/\/dev-corporate.algonquincollege.com\/fr\/produit\/m2-cihe-ingenieur-certifie-en-traitement-des-incidents\/","name":"M2 CIHE : Ing\u00e9nieur certifi\u00e9 en traitement des incidents - Corporate Training - Algonquin College","isPartOf":{"@id":"https:\/\/dev-corporate.algonquincollege.com\/#website"},"primaryImageOfPage":{"@id":"https:\/\/dev-corporate.algonquincollege.com\/fr\/produit\/m2-cihe-ingenieur-certifie-en-traitement-des-incidents\/#primaryimage"},"image":{"@id":"https:\/\/dev-corporate.algonquincollege.com\/fr\/produit\/m2-cihe-ingenieur-certifie-en-traitement-des-incidents\/#primaryimage"},"thumbnailUrl":"https:\/\/dev-corporate.algonquincollege.com\/wp-content\/uploads\/2024\/04\/Certified-Incident-Handling-Engineer.jpg","datePublished":"2023-12-15T23:09:09+00:00","dateModified":"2025-11-21T00:42:14+00:00","breadcrumb":{"@id":"https:\/\/dev-corporate.algonquincollege.com\/fr\/produit\/m2-cihe-ingenieur-certifie-en-traitement-des-incidents\/#breadcrumb"},"inLanguage":"fr-FR","potentialAction":[{"@type":"ReadAction","target":["https:\/\/dev-corporate.algonquincollege.com\/fr\/produit\/m2-cihe-ingenieur-certifie-en-traitement-des-incidents\/"]}]},{"@type":"ImageObject","inLanguage":"fr-FR","@id":"https:\/\/dev-corporate.algonquincollege.com\/fr\/produit\/m2-cihe-ingenieur-certifie-en-traitement-des-incidents\/#primaryimage","url":"https:\/\/dev-corporate.algonquincollege.com\/wp-content\/uploads\/2024\/04\/Certified-Incident-Handling-Engineer.jpg","contentUrl":"https:\/\/dev-corporate.algonquincollege.com\/wp-content\/uploads\/2024\/04\/Certified-Incident-Handling-Engineer.jpg","width":1400,"height":800,"caption":"A woman sitting at a desk, working on a computer."},{"@type":"BreadcrumbList","@id":"https:\/\/dev-corporate.algonquincollege.com\/fr\/produit\/m2-cihe-ingenieur-certifie-en-traitement-des-incidents\/#breadcrumb","itemListElement":[{"@type":"ListItem","position":1,"name":"Home","item":"https:\/\/dev-corporate.algonquincollege.com\/fr\/accueil\/"},{"@type":"ListItem","position":2,"name":"Boutique","item":"https:\/\/dev-corporate.algonquincollege.com\/fr\/boutique\/"},{"@type":"ListItem","position":3,"name":"M2 CIHE : Ing\u00e9nieur certifi\u00e9 en traitement des incidents"}]},{"@type":"WebSite","@id":"https:\/\/dev-corporate.algonquincollege.com\/#website","url":"https:\/\/dev-corporate.algonquincollege.com\/","name":"Corporate Training - Algonquin College","description":"","publisher":{"@id":"https:\/\/dev-corporate.algonquincollege.com\/#organization"},"potentialAction":[{"@type":"SearchAction","target":{"@type":"EntryPoint","urlTemplate":"https:\/\/dev-corporate.algonquincollege.com\/?s={search_term_string}"},"query-input":{"@type":"PropertyValueSpecification","valueRequired":true,"valueName":"search_term_string"}}],"inLanguage":"fr-FR"},{"@type":"Organization","@id":"https:\/\/dev-corporate.algonquincollege.com\/#organization","name":"Corporate Training - Algonquin College","url":"https:\/\/dev-corporate.algonquincollege.com\/","logo":{"@type":"ImageObject","inLanguage":"fr-FR","@id":"https:\/\/dev-corporate.algonquincollege.com\/#\/schema\/logo\/image\/","url":"https:\/\/dev-corporate.algonquincollege.com\/wp-content\/uploads\/2023\/10\/cropped-acct_logo.png","contentUrl":"https:\/\/dev-corporate.algonquincollege.com\/wp-content\/uploads\/2023\/10\/cropped-acct_logo.png","width":300,"height":44,"caption":"Corporate Training - Algonquin College"},"image":{"@id":"https:\/\/dev-corporate.algonquincollege.com\/#\/schema\/logo\/image\/"}}]}},"_links":{"self":[{"href":"https:\/\/dev-corporate.algonquincollege.com\/fr\/wp-json\/wp\/v2\/product\/181566","targetHints":{"allow":["GET"]}}],"collection":[{"href":"https:\/\/dev-corporate.algonquincollege.com\/fr\/wp-json\/wp\/v2\/product"}],"about":[{"href":"https:\/\/dev-corporate.algonquincollege.com\/fr\/wp-json\/wp\/v2\/types\/product"}],"wp:featuredmedia":[{"embeddable":true,"href":"https:\/\/dev-corporate.algonquincollege.com\/fr\/wp-json\/wp\/v2\/media\/73259"}],"wp:attachment":[{"href":"https:\/\/dev-corporate.algonquincollege.com\/fr\/wp-json\/wp\/v2\/media?parent=181566"}],"wp:term":[{"taxonomy":"product_brand","embeddable":true,"href":"https:\/\/dev-corporate.algonquincollege.com\/fr\/wp-json\/wp\/v2\/product_brand?post=181566"},{"taxonomy":"product_cat","embeddable":true,"href":"https:\/\/dev-corporate.algonquincollege.com\/fr\/wp-json\/wp\/v2\/product_cat?post=181566"},{"taxonomy":"product_tag","embeddable":true,"href":"https:\/\/dev-corporate.algonquincollege.com\/fr\/wp-json\/wp\/v2\/product_tag?post=181566"}],"curies":[{"name":"wp","href":"https:\/\/api.w.org\/{rel}","templated":true}]}}